{"id":3904,"date":"2015-04-28T20:49:33","date_gmt":"2015-04-28T20:49:33","guid":{"rendered":"http:\/\/arslanagic.com\/hr\/?page_id=3904"},"modified":"2015-04-30T22:25:48","modified_gmt":"2015-04-30T22:25:48","slug":"naruci-profesorovu-knjigu","status":"publish","type":"page","link":"https:\/\/arslanagic.com\/hr\/naruci-profesorovu-knjigu\/","title":{"rendered":"Naru\u010di Profesorovu knjigu"},"content":{"rendered":"<div class=\"et_pb_section et_section_regular\">\r\n\t\t\t\r\n\t\t\t\r\n\t\t\t\t\r\n\t\t\t\t<div class=\"et_pb_row\">\r\n\t\t\t<div class=\"et_pb_column et_pb_column_2_3\">\r\n\t\t\t\r\n\t\t<div id=\"et_pb_contact_form_1\" class=\"et_pb_contact_form_container clearfix\">\r\n\t\t\t<h1 class=\"et_pb_contact_main_title\">Naru\u010dite knjigu ili nam po\u0161aljite upit<\/h1>\r\n\t\t\t\r\n\t\t\t\r\n\t\t\t<div class=\"et_pb_contact\">\r\n\t\t\t\t<div class=\"et-pb-contact-message\"><\/div>\r\n\r\n\t\t\t\t<form class=\"et_pb_contact_form clearfix\" method=\"post\" action=\"https:\/\/arslanagic.com\/hr\/naruci-profesorovu-knjigu\/\">\r\n\t\t\t\t\t<div class=\"et_pb_contact_left\">\r\n\t\t\t\t\t\t<p class=\"clearfix\">\r\n\t\t\t\t\t\t\t<label class=\"et_pb_contact_form_label\">Name<\/label>\r\n\t\t\t\t\t\t\t<input type=\"text\" class=\"input et_pb_contact_name\" value=\"Name\" name=\"et_pb_contact_name\">\r\n\t\t\t\t\t\t<\/p>\r\n\t\t\t\t\t\t<p class=\"clearfix\">\r\n\t\t\t\t\t\t\t<label class=\"et_pb_contact_form_label\">Email Address<\/label>\r\n\t\t\t\t\t\t\t<input type=\"text\" class=\"input et_pb_contact_email\" value=\"Email Address\" name=\"et_pb_contact_email\">\r\n\t\t\t\t\t\t<\/p>\r\n\t\t\t\t\t<\/div> <!-- .et_pb_contact_left -->\r\n\r\n\t\t\t\t\t<div class=\"clear\"><\/div>\r\n\t\t\t\t\t<p class=\"clearfix\">\r\n\t\t\t\t\t\t<label class=\"et_pb_contact_form_label\">Message<\/label>\r\n\t\t\t\t\t\t<textarea name=\"et_pb_contact_message\" class=\"et_pb_contact_message input\">Message<\/textarea>\r\n\t\t\t\t\t<\/p>\r\n\r\n\t\t\t\t\t<input type=\"hidden\" value=\"et_contact_proccess\" name=\"et_pb_contactform_submit\">\r\n\r\n\t\t\t\t\t<input type=\"submit\" value=\"Submit\" class=\"et_pb_contact_submit\">\r\n\r\n\t\t\t\t\t\r\n\r\n\t\t\t\t\t<input type=\"hidden\" id=\"_wpnonce-et-pb-contact-form-submitted\" name=\"_wpnonce-et-pb-contact-form-submitted\" value=\"1fc92a597f\" \/><input type=\"hidden\" name=\"_wp_http_referer\" value=\"\/hr\/wp-json\/wp\/v2\/pages\/3904\" \/>\r\n\t\t\t\t<\/form>\r\n\t\t\t<\/div> <!-- .et_pb_contact -->\r\n\t\t<\/div> <!-- .et_pb_contact_form_container -->\r\n\t\t\r\n\t\t<\/div> <!-- .et_pb_column --><div class=\"et_pb_column et_pb_column_1_3\">\r\n\t\t\t<div class=\"et_pb_text et_pb_bg_layout_light et_pb_text_align_left\">\r\n\t\t\t\n<h3><span style=\"color: #1f87b8;\">Kako kupiti Profesorovu knjigu?<\/span><\/h3>\n<p>1. Po\u0161aljite nam\u00a0<strong>e-mail<\/strong>\u00a0sa va\u0161im imenom, prezimenom i adresom. 2. Primit \u0107ete<\/p>\n<p>2. Primit \u0107ete\u00a0\u00a0<strong>informacije o pla\u0107anju.<\/strong> Cijena knjige je 30 EUR uve\u0107ana za tro\u0161kove dostave knjige.<\/p>\n<p>3.\u00a0Nakon \u0161to je uplata potvr\u0111ena, mi \u0107emo Vam odmah <strong>poslati primjerak knjige koju je potpisao osobno<\/strong> Abas Arslanagi\u0107 uz posvetu samo za Vas.<\/p>\n\r\n\t\t<\/div> <!-- .et_pb_text -->\r\n\t\t<\/div> <!-- .et_pb_column -->\r\n\t\t<\/div> <!-- .et_pb_row -->\r\n\t\t\t\r\n\t\t<\/div> <!-- .et_pb_section -->\n","protected":false},"excerpt":{"rendered":"","protected":false},"author":20,"featured_media":0,"parent":0,"menu_order":0,"comment_status":"open","ping_status":"open","template":"","meta":[],"yoast_head":"<!-- This site is optimized with the Yoast SEO plugin v15.7 - https:\/\/yoast.com\/wordpress\/plugins\/seo\/ -->\n<meta name=\"robots\" content=\"index, follow, max-snippet:-1, max-image-preview:large, max-video-preview:-1\" \/>\n<link rel=\"canonical\" href=\"https:\/\/arslanagic.com\/hr\/naruci-profesorovu-knjigu\/\" \/>\n<meta property=\"og:locale\" content=\"en_US\" \/>\n<meta property=\"og:type\" content=\"article\" \/>\n<meta property=\"og:title\" content=\"Naru\u010di Profesorovu knjigu - Abas Arslanagi\u0107\" \/>\n<meta property=\"og:url\" content=\"https:\/\/arslanagic.com\/hr\/naruci-profesorovu-knjigu\/\" \/>\n<meta property=\"og:site_name\" content=\"Abas Arslanagi\u0107\" \/>\n<meta property=\"article:modified_time\" content=\"2015-04-30T22:25:48+00:00\" \/>\n<meta name=\"twitter:card\" content=\"summary\" \/>\n<meta name=\"twitter:label1\" content=\"Est. reading time\">\n\t<meta name=\"twitter:data1\" content=\"1 minute\">\n<script type=\"application\/ld+json\" class=\"yoast-schema-graph\">{\"@context\":\"https:\/\/schema.org\",\"@graph\":[{\"@type\":\"WebSite\",\"@id\":\"https:\/\/arslanagic.com\/hr\/#website\",\"url\":\"https:\/\/arslanagic.com\/hr\/\",\"name\":\"Abas Arslanagi\\u0107\",\"description\":\"Just another WordPress site\",\"potentialAction\":[{\"@type\":\"SearchAction\",\"target\":\"https:\/\/arslanagic.com\/hr\/?s={search_term_string}\",\"query-input\":\"required name=search_term_string\"}],\"inLanguage\":\"en-US\"},{\"@type\":\"WebPage\",\"@id\":\"https:\/\/arslanagic.com\/hr\/naruci-profesorovu-knjigu\/#webpage\",\"url\":\"https:\/\/arslanagic.com\/hr\/naruci-profesorovu-knjigu\/\",\"name\":\"Naru\\u010di Profesorovu knjigu - Abas Arslanagi\\u0107\",\"isPartOf\":{\"@id\":\"https:\/\/arslanagic.com\/hr\/#website\"},\"datePublished\":\"2015-04-28T20:49:33+00:00\",\"dateModified\":\"2015-04-30T22:25:48+00:00\",\"inLanguage\":\"en-US\",\"potentialAction\":[{\"@type\":\"ReadAction\",\"target\":[\"https:\/\/arslanagic.com\/hr\/naruci-profesorovu-knjigu\/\"]}]}]}<\/script>\n<!-- \/ Yoast SEO plugin. -->","_links":{"self":[{"href":"https:\/\/arslanagic.com\/hr\/wp-json\/wp\/v2\/pages\/3904"}],"collection":[{"href":"https:\/\/arslanagic.com\/hr\/wp-json\/wp\/v2\/pages"}],"about":[{"href":"https:\/\/arslanagic.com\/hr\/wp-json\/wp\/v2\/types\/page"}],"author":[{"embeddable":true,"href":"https:\/\/arslanagic.com\/hr\/wp-json\/wp\/v2\/users\/20"}],"replies":[{"embeddable":true,"href":"https:\/\/arslanagic.com\/hr\/wp-json\/wp\/v2\/comments?post=3904"}],"version-history":[{"count":9,"href":"https:\/\/arslanagic.com\/hr\/wp-json\/wp\/v2\/pages\/3904\/revisions"}],"predecessor-version":[{"id":3977,"href":"https:\/\/arslanagic.com\/hr\/wp-json\/wp\/v2\/pages\/3904\/revisions\/3977"}],"wp:attachment":[{"href":"https:\/\/arslanagic.com\/hr\/wp-json\/wp\/v2\/media?parent=3904"}],"curies":[{"name":"wp","href":"https:\/\/api.w.org\/{rel}","templated":true}]}}