{"id":3906,"date":"2015-04-28T20:50:18","date_gmt":"2015-04-28T20:50:18","guid":{"rendered":"http:\/\/arslanagic.com\/hr\/?page_id=3906"},"modified":"2015-05-12T14:21:34","modified_gmt":"2015-05-12T14:21:34","slug":"promocija-knjige","status":"publish","type":"page","link":"https:\/\/arslanagic.com\/hr\/promocija-knjige\/","title":{"rendered":"Promocija knjige"},"content":{"rendered":"<p><div class=\"et_pb_section et_section_regular\" style='background-color:#eff3fc;'>\r\n\t\t\t\r\n\t\t\t\r\n\t\t\t\t\r\n\t\t\t\t<div class=\"et_pb_row\">\r\n\t\t\t<div class=\"et_pb_column et_pb_column_1_2\">\r\n\t\t\t<div class=\"et_pb_text et_pb_bg_layout_light et_pb_text_align_left\">\r\n\t\t\t\n<h4><strong>PROMOCIJA KNJIGE U SISKU 8.5.2015.<\/strong><\/h4>\n<p>Promocija knjige u Sisku odr\u017eana je 8.5 u 13 sati, u sklopu NK\u010c Sisak- Ogranak Caprak. Okupila je veliki broj ljubitelja rukometa iz Siska i okolice. Nakon promocije na obli\u017enjem trgu, odr\u017ean je i demonstracijski trening. Vje\u017ebe iz knjige je demostriralo pet vratara mla\u0111ih uzrasta.<\/p>\n\n\t\t<style type=\"text\/css\">\n\t\t\t#gallery-1 {\n\t\t\t\tmargin: auto;\n\t\t\t}\n\t\t\t#gallery-1 .gallery-item {\n\t\t\t\tfloat: left;\n\t\t\t\tmargin-top: 10px;\n\t\t\t\ttext-align: center;\n\t\t\t\twidth: 50%;\n\t\t\t}\n\t\t\t#gallery-1 img {\n\t\t\t\tborder: 2px solid #cfcfcf;\n\t\t\t}\n\t\t\t#gallery-1 .gallery-caption {\n\t\t\t\tmargin-left: 0;\n\t\t\t}\n\t\t\t\/* see gallery_shortcode() in wp-includes\/media.php *\/\n\t\t<\/style>\n\t\t<div id='gallery-1' class='gallery galleryid-3906 gallery-columns-2 gallery-size-thumbnail'><dl class='gallery-item'>\n\t\t\t<dt class='gallery-icon landscape'>\n\t\t\t\t<a href='https:\/\/arslanagic.com\/hr\/wp-content\/uploads\/2015\/04\/image-3ea590b14ee6fe0a85837ad19ea08df275552e136a4f824e907cab4b60c24401-V1.jpg'><img width=\"150\" height=\"150\" src=\"https:\/\/arslanagic.com\/hr\/wp-content\/uploads\/2015\/04\/image-3ea590b14ee6fe0a85837ad19ea08df275552e136a4f824e907cab4b60c24401-V1-150x150.jpg\" class=\"attachment-thumbnail size-thumbnail\" alt=\"\" loading=\"lazy\" \/><\/a>\n\t\t\t<\/dt><\/dl><dl class='gallery-item'>\n\t\t\t<dt class='gallery-icon portrait'>\n\t\t\t\t<a href='https:\/\/arslanagic.com\/hr\/wp-content\/uploads\/2015\/04\/image-e4c3ee4eb905538238a372cb533c93c44325d9ab3d927d8120f3d50dcdba9c45-V.jpg'><img width=\"150\" height=\"150\" src=\"https:\/\/arslanagic.com\/hr\/wp-content\/uploads\/2015\/04\/image-e4c3ee4eb905538238a372cb533c93c44325d9ab3d927d8120f3d50dcdba9c45-V-150x150.jpg\" class=\"attachment-thumbnail size-thumbnail\" alt=\"\" loading=\"lazy\" \/><\/a>\n\t\t\t<\/dt><\/dl><br style=\"clear: both\" \/>\n\t\t<\/div>\n\n\r\n\t\t<\/div> <!-- .et_pb_text -->\r\n\t\t<\/div> <!-- .et_pb_column --><div class=\"et_pb_column et_pb_column_1_2\">\r\n\t\t\t<div class=\"et_pb_text et_pb_bg_layout_light et_pb_text_align_left\">\r\n\t\t\t\n<h4><strong>PROMOCIJA KNJIGE U GOTEBORGU 3.1.2015.<\/strong><\/h4>\n<p>Promocija knjige u Gotebrogu odr\u017eana je 3 sije\u010dnja na inicijativu Reufa Jakupovi\u0107a, biv\u0161eg igra\u010da Borca iz Banja Luke, velikog sportskog radnika iz Doboja, uz pomo\u0107 Mesuda Mulaomerovi\u0107a, biv\u0161eg predsjednika Fudbalskog Saveza BiH i FK Borac Banjaluka te novinara radio Banja Luka\u00a0 FikretaTufeka.<\/p>\n<p>Skup je pozdravio predsjednik udu\u017eenja Mirsad Filipovi\u0107, a novinar radio Banja Luka, Fikret Tufek evocirao je uspomene na banjalu\u010dki rukomet.\u00a0 Prisjetili smo se sporta koji je na nivou Jugoslavije\u00a0 i Evrope predstavljao sami vrh. \u00a0Reuf Jakupovi\u0107, i sam akter\u00a0 mnogih sportskih zbivanja, govorio je o samom autoru knjige.<\/p>\n\r\n\t\t<\/div> <!-- .et_pb_text -->\r\n\t\t<\/div> <!-- .et_pb_column -->\r\n\t\t<\/div> <!-- .et_pb_row --><div class=\"et_pb_row\">\r\n\t\t\t<div class=\"et_pb_column et_pb_column_1_2\">\r\n\t\t\t<div class=\"et_pb_text et_pb_bg_layout_light et_pb_text_align_left\">\r\n\t\t\t\n<h4><strong>PROMOCIJA KNJIGE U PRAGU 4.4.2015.<\/strong><\/h4>\n<p>Zahvaljuju\u0107i klubu Lastavica, ali prije svega inicijativi Hadisa Meden\u010devi\u0107a i Zorana Radmilovi\u0107a odr\u017eana je promocija knjige u Pragu. Klub Lastavcica \u010dine ljudi sa prostora ex Jugoslavije, multinacionalno ozra\u010dje,\u00a0 bez prisustva politike.<\/p>\n<p>Pored na\u0161ih ljudi, promociji su prisustvovali i autorovi \u010de\u0161ki prijatelji Franti\u0161ek Taborsky, ugledni \u010dlan me\u0111unarodne rukometne federacije IHF-a te proslavljeni reprzentativac \u010ce\u0161ke i \u010dlan selekcije svijeta, koji je 1967 godine bio prvak Svijeta, Rudi Havlik.<\/p>\n\r\n\t\t<\/div> <!-- .et_pb_text -->\r\n\t\t<\/div> <!-- .et_pb_column --><div class=\"et_pb_column et_pb_column_1_2\">\r\n\t\t\t<div class=\"et_pb_text et_pb_bg_layout_light et_pb_text_align_left\">\r\n\t\t\t\n<h4><strong>PROMOCIJA KNJIGE U ZAGREBU 23.11.2013<\/strong><\/h4>\n<p>Promocija knjige u Zagrebu odr\u017eana je 23 studenog u restoranu \u201c\u0160parka\u201d. \u00a0Sudionici promocije su bili i njegovi biv\u0161i suigra\u010di Hrvoje Horvat i Zdenko Zorko, zlatni olimpijci iz Munchena 1972.<\/p>\n<p>Na predstavljanju knjige okupile su se mnoge rukometne legende razli\u010ditih generacija kao \u0161to su Rudolf Carek, Zlatko \u0160imenc, Zdravko Zovko, Pero Janji\u0107, Jerolim Karad\u017ea, Vladimir Jovi\u0107, Sead Hasanefendi\u0107, Mirko Ba\u0161i\u0107, Josip Milkovi\u0107 i kompletna prva mom\u010dad rukometa\u0161a PPD Zagreb.<\/p>\n\n\t\t<style type=\"text\/css\">\n\t\t\t#gallery-2 {\n\t\t\t\tmargin: auto;\n\t\t\t}\n\t\t\t#gallery-2 .gallery-item {\n\t\t\t\tfloat: left;\n\t\t\t\tmargin-top: 10px;\n\t\t\t\ttext-align: center;\n\t\t\t\twidth: 33%;\n\t\t\t}\n\t\t\t#gallery-2 img {\n\t\t\t\tborder: 2px solid #cfcfcf;\n\t\t\t}\n\t\t\t#gallery-2 .gallery-caption {\n\t\t\t\tmargin-left: 0;\n\t\t\t}\n\t\t\t\/* see gallery_shortcode() in wp-includes\/media.php *\/\n\t\t<\/style>\n\t\t<div id='gallery-2' class='gallery galleryid-3906 gallery-columns-3 gallery-size-thumbnail'><dl class='gallery-item'>\n\t\t\t<dt class='gallery-icon landscape'>\n\t\t\t\t<a href='https:\/\/arslanagic.com\/hr\/wp-content\/uploads\/2015\/04\/IMG_4778.jpg'><img width=\"150\" height=\"150\" src=\"https:\/\/arslanagic.com\/hr\/wp-content\/uploads\/2015\/04\/IMG_4778-150x150.jpg\" class=\"attachment-thumbnail size-thumbnail\" alt=\"\" loading=\"lazy\" \/><\/a>\n\t\t\t<\/dt><\/dl><dl class='gallery-item'>\n\t\t\t<dt class='gallery-icon landscape'>\n\t\t\t\t<a href='https:\/\/arslanagic.com\/hr\/wp-content\/uploads\/2015\/04\/IMG_4779.jpg'><img width=\"150\" height=\"150\" src=\"https:\/\/arslanagic.com\/hr\/wp-content\/uploads\/2015\/04\/IMG_4779-150x150.jpg\" class=\"attachment-thumbnail size-thumbnail\" alt=\"\" loading=\"lazy\" \/><\/a>\n\t\t\t<\/dt><\/dl><dl class='gallery-item'>\n\t\t\t<dt class='gallery-icon landscape'>\n\t\t\t\t<a href='https:\/\/arslanagic.com\/hr\/wp-content\/uploads\/2015\/04\/IMG_4789.jpg'><img width=\"150\" height=\"150\" src=\"https:\/\/arslanagic.com\/hr\/wp-content\/uploads\/2015\/04\/IMG_4789-150x150.jpg\" class=\"attachment-thumbnail size-thumbnail\" alt=\"\" loading=\"lazy\" \/><\/a>\n\t\t\t<\/dt><\/dl><br style=\"clear: both\" \/>\n\t\t<\/div>\n\n\r\n\t\t<\/div> <!-- .et_pb_text -->\r\n\t\t<\/div> <!-- .et_pb_column -->\r\n\t\t<\/div> <!-- .et_pb_row --><div class=\"et_pb_row\">\r\n\t\t\t<div class=\"et_pb_column et_pb_column_1_2\">\r\n\t\t\t<div class=\"et_pb_text et_pb_bg_layout_light et_pb_text_align_left\">\r\n\t\t\t\n<h4><strong>PROMOCIJA KNJIGE U KLADOVU- LIPANJ 2014.<\/strong><\/h4>\n<p>Promocije knjige u Kladovu je bila odr\u017eana u sklopu rukometnog kampa Dragana \u0110uki\u0107a, trenera reprezentacije Izraela, na kojem je profesor bio jedan od predava\u010da. Me\u0111u predava\u010dima su bili i trener \u0160vedske reprezentacije te biv\u0161i igra\u010d, \u00a0Staffan Olsson kao i trener \u017eenskog rukometnog kluba Budu\u0107nost i reprezentacije Crne Gore s kojom je izme\u0111u ostalog osvojio srebro na Olimpijskim Igrama 2012 u Londonu.<\/p>\n\r\n\t\t<\/div> <!-- .et_pb_text -->\r\n\t\t<\/div> <!-- .et_pb_column --><div class=\"et_pb_column et_pb_column_1_2\">\r\n\t\t\t<div class=\"et_pb_text et_pb_bg_layout_light et_pb_text_align_left\">\r\n\t\t\t\n<h4><strong>PROMOCIJA KNJIGE U BEOGRADU\u00a0<\/strong><strong>20.12.2013.<\/strong><\/h4>\n<p>&nbsp;<\/p>\n<div class='et_post_video'><iframe loading=\"lazy\" width=\"1080\" height=\"608\" src=\"https:\/\/www.youtube.com\/embed\/c2blhd5BRrg?feature=oembed\" frameborder=\"0\" allowfullscreen><\/iframe><\/div>\n<p>&nbsp;<\/p>\n\r\n\t\t<\/div> <!-- .et_pb_text -->\r\n\t\t<\/div> <!-- .et_pb_column -->\r\n\t\t<\/div> <!-- .et_pb_row --><div class=\"et_pb_row\">\r\n\t\t\t<div class=\"et_pb_column et_pb_column_1_2\">\r\n\t\t\t<div class=\"et_pb_text et_pb_bg_layout_light et_pb_text_align_left\">\r\n\t\t\t\n<h4><strong>PROMOCIJA KNJIGE U SARAJEVU\u00a027.12.2013.<\/strong><\/h4>\n<p>Promocija Knjige odr\u017eana je u restoranu Luka, 27.12.2013. Zahvaljujem se mom prijatelju Nerminu Salmanu i vlasniku lokala \u017deljku Ljubasu koji su mi omogu\u0107ili da napravim promociju i okupim sve meni drage prijatelje.<\/p>\n<p>&nbsp;<\/p>\n<div class='et_post_video'><iframe loading=\"lazy\" width=\"1080\" height=\"608\" src=\"https:\/\/www.youtube.com\/embed\/n7fHO5Ly9ng?feature=oembed\" frameborder=\"0\" allowfullscreen><\/iframe><\/div>\n\r\n\t\t<\/div> <!-- .et_pb_text -->\r\n\t\t<\/div> <!-- .et_pb_column --><div class=\"et_pb_column et_pb_column_1_2 et_pb_column_empty\">\r\n\t\t\t\r\n\t\t<\/div> <!-- .et_pb_column -->\r\n\t\t<\/div> <!-- .et_pb_row -->\r\n\t\t\t\r\n\t\t<\/div> <!-- .et_pb_section --><div class=\"et_pb_section et_section_regular\">\r\n\t\t\t\r\n\t\t\t\r\n\t\t\t\t\r\n\t\t\t\t<div class=\"et_pb_row\">\r\n\t\t\t<div class=\"et_pb_column et_pb_column_4_4\">\r\n\t\t\t<div class=\"et_pb_text et_pb_bg_layout_light et_pb_text_align_left\">\r\n\t\t\t\n<h4><strong>MULTIMEDIJI<\/strong><\/h4>\n<p><a href=\"http:\/\/www.slobodnaevropa.org\/content\/abaz-arslanagic-u-kataru-dokazano-da-rukomet-pociva-na-golmanu\/26938408.html\" target=\"_blank\">http:\/\/www.slobodnaevropa.org\/content\/abaz-arslanagic-u-kataru-dokazano-da-rukomet-pociva-na-golmanu\/26938408.html<\/a><\/p>\n<p><a href=\"http:\/\/m.avaz.ba\/clanak\/171564\/arpad-sterbik-za-mene-je-abas-arslanagic-najbolji-golman-svih-vremena?url=clanak\/171564\/arpad-sterbik-za-mene-je-abas-arslanagic-najbolji-golman-svih-vremena\" target=\"_blank\">http:\/\/m.avaz.ba\/clanak\/171564\/arpad-sterbik-za-mene-je-abas-arslanagic-najbolji-golman-svih-vremena?url=clanak\/171564\/arpad-sterbik-za-mene-je-abas-arslanagic-najbolji-golman-svih-vremena<\/a><\/p>\n<p><a href=\"http:\/\/www.balkan-handball.com\/balkan\/legendarni-abas-arslaganic-o-ucinku-golmana-na-sp-2015-i-problemu-yu-skole\/\" target=\"_blank\">http:\/\/www.balkan-handball.com\/balkan\/legendarni-abas-arslaganic-o-ucinku-golmana-na-sp-2015-i-problemu-yu-skole\/<\/a><\/p>\n<p><a href=\"http:\/\/www.balkan-handball.com\/analize\/trenerski-kutak\/knjiga-abasa-arslanagica-rukometni-golman-najvaznija-karika\/\" target=\"_blank\">http:\/\/www.balkan-handball.com\/analize\/trenerski-kutak\/knjiga-abasa-arslanagica-rukometni-golman-najvaznija-karika\/<\/a><\/p>\n<p><a href=\"http:\/\/www.mostar.ba\/vijesti_citanje\/items\/abas-arslanagic-promovirao-svoju-knjigu-u-mostaru.html\" target=\"_blank\">http:\/\/www.mostar.ba\/vijesti_citanje\/items\/abas-arslanagic-promovirao-svoju-knjigu-u-mostaru.html<\/a><\/p>\n<p><a href=\"http:\/\/www.pozega.hr\/component\/k2\/item\/456-a-arslanagic-predstavio-svoju-trecu-knjigu.html#.VTPwPpWJifo\" target=\"_blank\">http:\/\/www.pozega.hr\/component\/k2\/item\/456-a-arslanagic-predstavio-svoju-trecu-knjigu.html#.VTPwPpWJifo<\/a><\/p>\n<p><a href=\"http:\/\/www.sportcom.hr\/regionalni-sport\/rukomet\/najvaznija-karika-uspjeha-abas-arslanagic-promovirao-trecu-knjigu-o-rukometu.html\" target=\"_blank\">http:\/\/www.sportcom.hr\/regionalni-sport\/rukomet\/najvaznija-karika-uspjeha-abas-arslanagic-promovirao-trecu-knjigu-o-rukometu.html<\/a><\/p>\n<p><a href=\"http:\/\/www.svijet-rukometa.com\/index.php\/aktuelnosti\/1410-vise-ne-bih-na-klupu-ni-da-me-pozove-barcelona\" target=\"_blank\">http:\/\/www.svijet-rukometa.com\/index.php\/aktuelnosti\/1410-vise-ne-bih-na-klupu-ni-da-me-pozove-barcelona<\/a><\/p>\n<p><a href=\"http:\/\/www.balkan-handball.com\/intervju-nedelje\/skoro-40-godina-posle-minhena-abas-arslanagic-nema-novih-ideja-u-rukometu\/\" target=\"_blank\">http:\/\/www.balkan-handball.com\/intervju-nedelje\/skoro-40-godina-posle-minhena-abas-arslanagic-nema-novih-ideja-u-rukometu\/<\/a><\/p>\n<p><a href=\"http:\/\/balkans.aljazeera.net\/blog\/sedam-metara-od-zlata\" target=\"_blank\">http:\/\/balkans.aljazeera.net\/blog\/sedam-metara-od-zlata<\/a><\/p>\n\r\n\t\t<\/div> <!-- .et_pb_text -->\r\n\t\t<\/div> <!-- .et_pb_column -->\r\n\t\t<\/div> <!-- .et_pb_row -->\r\n\t\t\t\r\n\t\t<\/div> <!-- .et_pb_section --><\/p>\n","protected":false},"excerpt":{"rendered":"","protected":false},"author":20,"featured_media":0,"parent":0,"menu_order":0,"comment_status":"open","ping_status":"open","template":"","meta":[],"yoast_head":"<!-- This site is optimized with the Yoast SEO plugin v15.7 - https:\/\/yoast.com\/wordpress\/plugins\/seo\/ -->\n<meta name=\"robots\" content=\"index, follow, max-snippet:-1, max-image-preview:large, max-video-preview:-1\" \/>\n<link rel=\"canonical\" href=\"https:\/\/arslanagic.com\/hr\/promocija-knjige\/\" \/>\n<meta property=\"og:locale\" content=\"en_US\" \/>\n<meta property=\"og:type\" content=\"article\" \/>\n<meta property=\"og:title\" content=\"Promocija knjige - Abas Arslanagi\u0107\" \/>\n<meta property=\"og:url\" content=\"https:\/\/arslanagic.com\/hr\/promocija-knjige\/\" \/>\n<meta property=\"og:site_name\" content=\"Abas Arslanagi\u0107\" \/>\n<meta property=\"article:modified_time\" content=\"2015-05-12T14:21:34+00:00\" \/>\n<meta name=\"twitter:card\" content=\"summary\" \/>\n<meta name=\"twitter:label1\" content=\"Est. reading time\">\n\t<meta name=\"twitter:data1\" content=\"4 minutes\">\n<script type=\"application\/ld+json\" class=\"yoast-schema-graph\">{\"@context\":\"https:\/\/schema.org\",\"@graph\":[{\"@type\":\"WebSite\",\"@id\":\"https:\/\/arslanagic.com\/hr\/#website\",\"url\":\"https:\/\/arslanagic.com\/hr\/\",\"name\":\"Abas Arslanagi\\u0107\",\"description\":\"Just another WordPress site\",\"potentialAction\":[{\"@type\":\"SearchAction\",\"target\":\"https:\/\/arslanagic.com\/hr\/?s={search_term_string}\",\"query-input\":\"required name=search_term_string\"}],\"inLanguage\":\"en-US\"},{\"@type\":\"WebPage\",\"@id\":\"https:\/\/arslanagic.com\/hr\/promocija-knjige\/#webpage\",\"url\":\"https:\/\/arslanagic.com\/hr\/promocija-knjige\/\",\"name\":\"Promocija knjige - Abas Arslanagi\\u0107\",\"isPartOf\":{\"@id\":\"https:\/\/arslanagic.com\/hr\/#website\"},\"datePublished\":\"2015-04-28T20:50:18+00:00\",\"dateModified\":\"2015-05-12T14:21:34+00:00\",\"inLanguage\":\"en-US\",\"potentialAction\":[{\"@type\":\"ReadAction\",\"target\":[\"https:\/\/arslanagic.com\/hr\/promocija-knjige\/\"]}]}]}<\/script>\n<!-- \/ Yoast SEO plugin. -->","_links":{"self":[{"href":"https:\/\/arslanagic.com\/hr\/wp-json\/wp\/v2\/pages\/3906"}],"collection":[{"href":"https:\/\/arslanagic.com\/hr\/wp-json\/wp\/v2\/pages"}],"about":[{"href":"https:\/\/arslanagic.com\/hr\/wp-json\/wp\/v2\/types\/page"}],"author":[{"embeddable":true,"href":"https:\/\/arslanagic.com\/hr\/wp-json\/wp\/v2\/users\/20"}],"replies":[{"embeddable":true,"href":"https:\/\/arslanagic.com\/hr\/wp-json\/wp\/v2\/comments?post=3906"}],"version-history":[{"count":8,"href":"https:\/\/arslanagic.com\/hr\/wp-json\/wp\/v2\/pages\/3906\/revisions"}],"predecessor-version":[{"id":4011,"href":"https:\/\/arslanagic.com\/hr\/wp-json\/wp\/v2\/pages\/3906\/revisions\/4011"}],"wp:attachment":[{"href":"https:\/\/arslanagic.com\/hr\/wp-json\/wp\/v2\/media?parent=3906"}],"curies":[{"name":"wp","href":"https:\/\/api.w.org\/{rel}","templated":true}]}}