{"id":3908,"date":"2015-04-28T20:51:33","date_gmt":"2015-04-28T20:51:33","guid":{"rendered":"http:\/\/arslanagic.com\/hr\/?page_id=3908"},"modified":"2015-05-06T07:39:20","modified_gmt":"2015-05-06T07:39:20","slug":"analiza-svjetskih-golmana","status":"publish","type":"page","link":"https:\/\/arslanagic.com\/hr\/analiza-svjetskih-golmana\/","title":{"rendered":"Analiza svjetskih golmana"},"content":{"rendered":"<blockquote><p><span style=\"color: #1f87b8;\"><strong>GOLMANI\u00a0 SU KROJILI \u00a0POREDAK SVJETSKOG RUKOMETA<\/strong><\/span><\/p><\/blockquote>\n<p>&nbsp;<\/p>\n\n\t\t<style type=\"text\/css\">\n\t\t\t#gallery-1 {\n\t\t\t\tmargin: auto;\n\t\t\t}\n\t\t\t#gallery-1 .gallery-item {\n\t\t\t\tfloat: left;\n\t\t\t\tmargin-top: 10px;\n\t\t\t\ttext-align: center;\n\t\t\t\twidth: 20%;\n\t\t\t}\n\t\t\t#gallery-1 img {\n\t\t\t\tborder: 2px solid #cfcfcf;\n\t\t\t}\n\t\t\t#gallery-1 .gallery-caption {\n\t\t\t\tmargin-left: 0;\n\t\t\t}\n\t\t\t\/* see gallery_shortcode() in wp-includes\/media.php *\/\n\t\t<\/style>\n\t\t<div id='gallery-1' class='gallery galleryid-3908 gallery-columns-5 gallery-size-thumbnail'><dl class='gallery-item'>\n\t\t\t<dt class='gallery-icon landscape'>\n\t\t\t\t<a href='https:\/\/arslanagic.com\/hr\/wp-content\/uploads\/2015\/04\/10387179_507367039364617_8902759981266210382_o.jpg'><img width=\"150\" height=\"150\" src=\"https:\/\/arslanagic.com\/hr\/wp-content\/uploads\/2015\/04\/10387179_507367039364617_8902759981266210382_o-150x150.jpg\" class=\"attachment-thumbnail size-thumbnail\" alt=\"\" loading=\"lazy\" \/><\/a>\n\t\t\t<\/dt><\/dl><dl class='gallery-item'>\n\t\t\t<dt class='gallery-icon landscape'>\n\t\t\t\t<a href='https:\/\/arslanagic.com\/hr\/wp-content\/uploads\/2015\/04\/10415576_507371976030790_3098652755309733919_n.jpg'><img width=\"150\" height=\"150\" src=\"https:\/\/arslanagic.com\/hr\/wp-content\/uploads\/2015\/04\/10415576_507371976030790_3098652755309733919_n-150x150.jpg\" class=\"attachment-thumbnail size-thumbnail\" alt=\"\" loading=\"lazy\" \/><\/a>\n\t\t\t<\/dt><\/dl><dl class='gallery-item'>\n\t\t\t<dt class='gallery-icon landscape'>\n\t\t\t\t<a href='https:\/\/arslanagic.com\/hr\/wp-content\/uploads\/2015\/04\/slika-3.jpg'><img width=\"150\" height=\"150\" src=\"https:\/\/arslanagic.com\/hr\/wp-content\/uploads\/2015\/04\/slika-3-150x150.jpg\" class=\"attachment-thumbnail size-thumbnail\" alt=\"\" loading=\"lazy\" \/><\/a>\n\t\t\t<\/dt><\/dl><dl class='gallery-item'>\n\t\t\t<dt class='gallery-icon landscape'>\n\t\t\t\t<a href='https:\/\/arslanagic.com\/hr\/wp-content\/uploads\/2015\/04\/slika1.jpg'><img width=\"150\" height=\"150\" src=\"https:\/\/arslanagic.com\/hr\/wp-content\/uploads\/2015\/04\/slika1-150x150.jpg\" class=\"attachment-thumbnail size-thumbnail\" alt=\"\" loading=\"lazy\" \/><\/a>\n\t\t\t<\/dt><\/dl><dl class='gallery-item'>\n\t\t\t<dt class='gallery-icon portrait'>\n\t\t\t\t<a href='https:\/\/arslanagic.com\/hr\/wp-content\/uploads\/2015\/04\/slika6.jpg'><img width=\"150\" height=\"150\" src=\"https:\/\/arslanagic.com\/hr\/wp-content\/uploads\/2015\/04\/slika6-150x150.jpg\" class=\"attachment-thumbnail size-thumbnail\" alt=\"\" loading=\"lazy\" \/><\/a>\n\t\t\t<\/dt><\/dl><br style=\"clear: both\" \/>\n\t\t<\/div>\n\n<p>&nbsp;<\/p>\n<p>Pri\u010de o Svjetskom prvenstvu u Kataru se sti\u0161avaju, malo tko vi\u0161e o tome daje svoj mi\u0161ljenje, a bilo je raznih komentara. Siguran sam da \u010dak i oni negativni ne mogu baciti mrlju na organizaciju ovog prvenstva. Svi \u00a0koji su bili u Kataru u to su se mogli uvjeriti. Organizacija je bila izvanredna. Doma\u0107in je rukometnom svijetu ponudio najvi\u0161e \u0161to se mo\u017ee ovoga trenutka dati.<\/p>\n<p>Po \u010demu \u0107e ovo prvenstvo biti upam\u0107eno?! Zasigurno po novom Svjetskom poretku. Francuzi su ponovo prvaci \u00a0Svijeta. Drugi je Katara, veliko izna\u0111enja SP-a, a tre\u0107a je Poljska, veliki povratnik \u00a0u svjetski rukomet vrh. Izme\u0111u ostalog ovo prventsvo \u0107e biti upam\u0107eno i po \u010dinjenici \u00a0da \u00a0ekipe nikad do sada nisu bile toliko ovisne o odbaranama golmana kao na ovom SP-u.<\/p>\n<p>Osvrnimo se na redoslijed prvenstva, \u00a0\u010detiri \u00a0prvo plasirane ekipe su imale i najbolje golmane turnira. Ovaj put svjetski prvak, ekipa Francuske, debelo je ovisila o u\u010dinku Thierry Omeyera. Nisam siguran da bi osvojili titulu da Titi, kako ga od milja zovu Francuzi, nije branio fenomenalno, posebno u zavr\u0161nici prvenstva gdje je \u00a0bio izvanredan.<\/p>\n<p>&nbsp;<\/p>\n<p><span style=\"color: #1f87b8;\"><b><i>THIERRY OMEYER<\/i><\/b><\/span><\/p>\n<p>Bio sam prisutan na dosta Svjetskih i Evropskih prvenstava, ali to \u0161to je Omeyer \u00a0pokazao u drugom poluvremenu polufinalne utakmice sa \u0160panjolskom je bilo savr\u0161enstvo. To je bilo toliko atraktivno, takti\u010dki osmi\u0161ljeno, tehni\u010dki racionalno i zrelo. Bravo Titi! \u00a0Ni\u0161ta manji u\u010dinka nije bio niti u finalnoj utakmici. Nije ba\u0161 imao veliki postotak odbranai kao u polufinalu, ali bilo je tu dosta te\u0161kih lopti i bitno odbranjenih \u0161uteva, posebno u momentu kada su Katarani ozbiljno zaprijetili i do\u0161li na samo jedan gol razlike.<\/p>\n<p>&nbsp;<\/p>\n<p><span style=\"color: #1f87b8;\"><b><i>DANIJEL \u0160ARI\u0106<\/i><\/b><\/span><\/p>\n<p>Drugo golmansko ime prvenstva je \u00a0Danijel \u0160ari\u0107, najzaslu\u017eniji \u010dovjek Riverinog tima. Njegova nesre\u0107a je to \u0161to mu je u konkurencija za najboljeg golmana SP-a bio veliki Thierry Omeyer. Branio je izvanredno, posebno u \u00a0polufinalnoj utakmici \u00a0sa Poljskom i finalu sa Francuzima.<\/p>\n<p>&nbsp;<\/p>\n<p><span style=\"color: #1f87b8;\"><b><i>SLAWOMIR SZMAL<\/i><\/b><\/span><\/p>\n<p>Poljaci u zadnje vrijeme puno investiraju u rukomet. Svjedoci smo kroz rezultate njihovih klubova u europskim natjecanjima. Potvrda toga je i uspjeh reprezentacije na svjetskoj rukometnoj sceni, 3. mjesto u Kataru. Prisjetimo se da su davne 1976 godine bili bron\u010dani na OI u Montrealu. \u00a0Od vremena velikog \u0160im\u010daka nisu imali takvog vrsnog golmana kao \u0161to je Slawomir Szmal. Prije par godina bio je i progla\u0161eni najboljim igra\u010dem Svijeta. Iako je u kasnim tridesetima godinama, on kao i Omeyer i \u0160ari\u0107, potvr\u0111uju \u010dinjenicu da su golmani kao staro vino, \u0161to stariji, to bolji.<\/p>\n<p>&nbsp;<\/p>\n<p><span style=\"color: #1f87b8;\"><b><i>GONZALO PEREZ DE VARGAS<\/i><\/b><\/span><\/p>\n<p>\u0160panjolci su zavr\u0161ili na \u010detvrtom mjestu i ostali su bez medalje. Ono \u0161to je njihov \u010duvar mre\u017ee Gonzalo Perez de Vargas pokazao u polufinalu sa Francuzima i u susretu za tre\u0107e mjesto sa Poljacima bilo je za 5. \u00a0Golman koji u va\u017enim utakmicama brani briljantno. Siguran sam da \u00a0pripada svjetskom golmanskom vrhu, to je EKSTRA KLASA. Perez \u00a0konstitucijom ne pripada grupi visokih golmana, ali tehni\u010dki sasvim dobro stoji na golu, postavlja se izvanredno, prati igru i \u201c\u010dita\u201d protivni\u010dke igra\u010de s lako\u0107om. Stabilan je, ne propada i svakog momenta kontrolira situaciju.<\/p>\n<p>&nbsp;<\/p>\n<p><span style=\"color: #1f87b8;\"><b><i>NIKLAS LANDIN<\/i><\/b><\/span><\/p>\n<p>Niklasa Landina, najboljeg golmana SP 2013 godine u \u0160panjolskoj, nisam niti primijetio na ovom turniru. Po mojoj procjeni, Landin nije trebao nit biti okrunjen titulom najboljeg u \u0160panjolskoj. Golman ekipe koja izgubi finale SP-a sa 16 golova razlike i s ne primjetnim u\u010dinkom nije to niti zaslu\u017eio. Bio sam uvjerenja da je ta titula, najboljega golmana prvenstva, uskra\u0107ena Arpadu \u0160terbiku. Moram priznati da Dance nisam puno gledao u Dohi, osim u utakmicu s Hrvatskom. Landin je u\u0161ao u igru posljednjih desetak minuta. Ono \u0161to je sigurno, Landin je izvanredan golman, Svjetska klasa, nema sumnje, visok, dugih ekstremiteta, tehni\u010dki dotjeran, tipi\u010dna Danska \u0161kola branjenja. Jedino \u0161to mi se kod Danaca ne svi\u0111a je propadanje, stalno su na stra\u017enjici.<\/p>\n<p>&nbsp;<\/p>\n<p><span style=\"color: #1f87b8;\"><b><i>MATTIAS ANDERSSON<\/i><\/b><\/span><\/p>\n<p>Moje najve\u0107e golmansko razo\u010darenje je \u0161vedski \u010duvar mre\u017ee Mattias Andersson. Za ne vjerovati je da golman koji je pro\u0161le godine s Flensburgom pokorio Europu mo\u017ee tako slabo braniti. Tehni\u010dki totalno ne uvjerljiv, niti jednom svojom odbranom nije moga zadiviti gledatelje. Propada, vi\u0161e je bio na podu nego u osnovnom stavu. \u010cesto se \u201ebaca u noge\u201c, a u odbranama s krila je bio iznimno lo\u0161. U susretu s Francuzima, nije niti \u201e pipnuo loptu\u201c. Zanimljivo je da trener nije reagirao, iako je drugi golman bio nitko drugi nego prvi vratar Kiela, \u00a0Johan Sjostrand.<\/p>\n<p>&nbsp;<\/p>\n<p><span style=\"color: #1f87b8;\"><b><i>MIRKO ALILOVI\u0106<\/i><\/b><\/span><\/p>\n<p>\u0160ta re\u0107i o golmanima s na\u0161ih prostora. Izuzev Danijela \u0160ari\u0107a, ni\u0161ta ba\u0161 pretjerano pohvalno. Golman na koga se najvi\u0161e javnost fokusirala je zasigurno Mirko Alilovi\u0107. Ne znam koje je ovo veliko natjecanje po redu a da njega \u201enema&#8221; i ne mo\u017ee nikako potvrditi svoj golmanski potencijal. Ja sam i nakon Katara uvjeren da on mo\u017ee puno bolje i vi\u0161e. Fizi\u010dki potencijal nije upitan, konstitucija Bogom dana, dugi ekstremiteti, masa koju treba proma\u0161iti, ali mu ne na\u017ealost ne ide nikako. Sigurno i nakon ovog velikog natjecanja mo\u017eemo govoriti o njegovoj slaboj psihi\u010dkoj pripremi. S Mirkom se treba razgovarati, on treba prave savjete kroz koje \u0107e mu se ukazivati na gre\u0161ke i ispravljati ih. U tehni\u010dkom smislu trebao bi poraditi na odbrani nogama i na njihovom ubrzanju. Duge i brze noge bi dosta toga rje\u0161avale, posebno kod poluvisokih \u0161uteva. O krilnim \u0161utevima da i ne govorim, da malo poradi na tehnici bio bi to ogroman doprinos i velika olak\u0161ica odbrani. \u00a0Igra\u010di bi se tada mogli vi\u0161e fokusirati na vanjske igra\u010de i na crtu.<\/p>\n<p>&nbsp;<\/p>\n<p><span style=\"color: #1f87b8;\"><b><i>GORAZD \u0160KOF<\/i><\/b><\/span><\/p>\n<p>Gorazd \u0160kof me je prijatno iznenadio. \u00a0Nisam ga odavno gledao, ali u Kataru je bio odli\u010dan. Utakmicu protiv Francuza je branio izvanredno i pripadaju mu velike zasluge \u0161to Svjetski prvaci nisu Sloveniju \u201erazvalili\u201c. Tehni\u010dki je sasvim dobar, racionalan u kretnjama, bez suvi\u0161nog hoda, osje\u0107a igru, predvi\u0111a akcije i na vrijeme ulazi u \u0161ut. Pokazao se veoma dobro na penalima, iskusno i rutinski je to rje\u0161avao.<\/p>\n<p>&nbsp;<\/p>\n<p><span style=\"color: #1f87b8;\"><b><i>BORKO RISRTOVSKI<\/i><\/b><\/span><\/p>\n<p>Borko Ristovski nije briljirao. U susretu ss Bosnom nije bio uvjerljiv. Radi se o golmanu koji ima 33 godine, a s iskustvom ste\u010denim u Metalurgu, Gumersbachu, \u00a0u \u0160panjolskoj ligi, te sada u Creteilu. Morao je pru\u017eiti vi\u0161e, siguran sam da je i reprezentacija to o\u010dekivala od njega.<\/p>\n<p>&nbsp;<\/p>\n<p><span style=\"color: #1f87b8;\"><b><i>BENJAMIN BURI\u0106<\/i><\/b><\/span><\/p>\n<p>Golman Bosne i Hercegovine Benjamin Buri\u0107 je dosta dobro branio. Radi se o mladom golmanu, 22 godine, trenutno brani u Gorenju. Sigurno da ima sve atribute da postane dobar golman. Me\u0111utim u razgovor s njim vidio sam da nema ba\u0161 pravih golmanskih treninga, kako druk\u010dije objasniti da \u00a0tehni\u010dki slabo brani. Iako visok \u00a0196 cm, stalno je na podu, propada te u jednom momentu se po\u010dne i bacati na niske lopte, a odbrani s krila da i ne govorimo.<\/p>\n<p>&nbsp;<\/p>\n<p><span style=\"color: #1f87b8;\"><b><i>FILIP IVI\u0106<\/i><\/b><\/span><\/p>\n<p>Filip Ivi\u0107 je mladi golman koji zaslu\u017euje malo prostora u ovom tekstu. Njegovo vrijeme dolazi. Brani u velikom klubu, igra dvije jake lige, SEHA i \u00a0Ligu prvaka \u0161to mu daje priliku da jo\u0161 br\u017ee napreduje. U Kataru je ostavio dobar, ma ne dobar,nego odli\u010dan utisak. Njemu je tek 22 godine, s njim radi Mario Kelentri\u0107 i to mu je prilika za napredak. Opet kritiku upu\u0107ujem izborniku Hrvatske reprezentacije, Slavki Golu\u017ei, \u0161to Filipa nije vodio na zadnje Europsko prvenstvo, u \u00a0Danskoj. Tek sad se pokazalo kolika je \u00a0pogre\u0161ka voditi samo dva golmana na \u00a0veliko natjecanje. U Katar je i\u0161ao samo s dva golmana. Za Filipa bi to bilo ogromno iskustvo, dojmovi velikog natjecanja bili bi ve\u0107 za njim. \u00a0Uvjeren sam da bi se to pozitivno odrazilo na Ivi\u0107ev u\u010dinak u Kataru.<\/p>\n<p>Ja sam se raspisao, iznosim moje dojmove, dijelim savjet, kritiziram, ali nisam siguran koliko \u0107e to oni kome je ovo upu\u0107eno htjeti prihvatiti i poraditi na sebi. Prije par godina sam jednom mla\u0111em golmanu dao \u00a0savjet \u0161to je on shvatio kao kritiku. Odgovorio je da ja zagovaram zastarjelu tehniku, da smo nekad tako branili Mirko Ba\u0161i\u0107 i ja. Mislim da niti ovaj put na SP-u nisam vidio ni\u0161ta novo u tehnici branjenja u odnosu na moje vrijeme ili vrijeme Mirka Ba\u0161i\u0107a. Naprotiv, vidio sam puno toga tehni\u010dki neispravnog, a pogotovo kod odbrana s krila. Posebno me zabrinjava \u0161to su golmani sa prostora ex Jugoslavije prihvatili neka nova tehni\u010dka rje\u0161enja koja nisu bila karakteristi\u010dna na\u0161oj tradicionalnoj Jugoslovenskoj tehnici, tehnici kojoj se divio cijeli Svijet. Zabrinjava me i \u010dinjenica da na na\u0161im prostorima nema na pomolu golmana kalibra Ba\u0161i\u0107, Arnautovi\u0107, Peri\u0107, \u0160terbik, \u0160ola, Mato\u0161evi\u0107, Lozert, da sebe ne spominjem. Ne bih se slo\u017eio da nema talenata, ima u to sam siguran, ali nema trenera koji \u0107e raditi s njima. Nove tehnologije su donijele nove online materijale. Puno se toga nudi, uzima se sve \u0161to je ponu\u0111eno, to je najlak\u0161e, ali ne vodi se ra\u010duna je li to ispravno.<\/p>\n<p>Svjedoci smo pobjedonosnog gola Du\u0161ka \u010celice u susretu PPD Zagreb- La Rioja. \u00a0Nevjerojatan gol. Ima dosta komentara i teorija oko toga gola. Moje obja\u0161njenje je da je to tehni\u010dka pogre\u0161ka golmana. Sjedanje na stra\u017enjicu, propadanje, gubitak stabilnog stava u takvim situacijama nema povratka.<\/p>\n<p>Mislim da je situacija alarmantna. Ukoliko \u017eelimo da se nastavi kontinuitet dobrih golmana s na\u0161ih podru\u010dja, bilo bi krajnje vrijeme da se o tome ozbiljnije razmi\u0161lja. Ako treba neka se napravi i neki simpozij u sklopu nacionalnih prvenstava ili regionalne SEHA Gazprom lige. Treba iskoristiti vrijeme dok nas ima jo\u0161 \u017eivih koji bi mogli ne\u0161to vi\u0161e re\u0107i o tome, iznijeti na\u0161a iskustva, igra\u010dka i trenerska koja nisu sigurno mala. Htjeli mi to priznat ili ne, golman je ipak najva\u017enija karika sportskog uspjeha.<\/p>\n<p>&nbsp;<\/p>\n<p><img loading=\"lazy\" class=\"aligncenter size-full wp-image-3983\" src=\"http:\/\/arslanagic.com\/hr\/wp-content\/uploads\/2015\/04\/potpis.png\" alt=\"potpis\" width=\"231\" height=\"80\" \/><\/p>\n","protected":false},"excerpt":{"rendered":"<p>GOLMANI\u00a0 SU KROJILI \u00a0POREDAK SVJETSKOG RUKOMETA &nbsp; &nbsp; Pri\u010de o Svjetskom prvenstvu u Kataru se sti\u0161avaju, malo tko vi\u0161e o tome daje svoj mi\u0161ljenje, a bilo je raznih komentara. Siguran sam da \u010dak i oni negativni ne mogu baciti mrlju na organizaciju ovog prvenstva. Svi \u00a0koji su bili u Kataru u to su se mogli [&hellip;]<\/p>\n","protected":false},"author":20,"featured_media":0,"parent":0,"menu_order":0,"comment_status":"open","ping_status":"open","template":"","meta":[],"yoast_head":"<!-- This site is optimized with the Yoast SEO plugin v15.7 - https:\/\/yoast.com\/wordpress\/plugins\/seo\/ -->\n<meta name=\"robots\" content=\"index, follow, max-snippet:-1, max-image-preview:large, max-video-preview:-1\" \/>\n<link rel=\"canonical\" href=\"https:\/\/arslanagic.com\/hr\/analiza-svjetskih-golmana\/\" \/>\n<meta property=\"og:locale\" content=\"en_US\" \/>\n<meta property=\"og:type\" content=\"article\" \/>\n<meta property=\"og:title\" content=\"Analiza svjetskih golmana - Abas Arslanagi\u0107\" \/>\n<meta property=\"og:description\" content=\"GOLMANI\u00a0 SU KROJILI \u00a0POREDAK SVJETSKOG RUKOMETA &nbsp; &nbsp; Pri\u010de o Svjetskom prvenstvu u Kataru se sti\u0161avaju, malo tko vi\u0161e o tome daje svoj mi\u0161ljenje, a bilo je raznih komentara. Siguran sam da \u010dak i oni negativni ne mogu baciti mrlju na organizaciju ovog prvenstva. Svi \u00a0koji su bili u Kataru u to su se mogli [&hellip;]\" \/>\n<meta property=\"og:url\" content=\"https:\/\/arslanagic.com\/hr\/analiza-svjetskih-golmana\/\" \/>\n<meta property=\"og:site_name\" content=\"Abas Arslanagi\u0107\" \/>\n<meta property=\"article:modified_time\" content=\"2015-05-06T07:39:20+00:00\" \/>\n<meta property=\"og:image\" content=\"https:\/\/arslanagic.com\/hr\/wp-content\/uploads\/2015\/04\/10387179_507367039364617_8902759981266210382_o-150x150.jpg\" \/>\n<meta name=\"twitter:card\" content=\"summary\" \/>\n<meta name=\"twitter:label1\" content=\"Est. reading time\">\n\t<meta name=\"twitter:data1\" content=\"8 minutes\">\n<script type=\"application\/ld+json\" class=\"yoast-schema-graph\">{\"@context\":\"https:\/\/schema.org\",\"@graph\":[{\"@type\":\"WebSite\",\"@id\":\"https:\/\/arslanagic.com\/hr\/#website\",\"url\":\"https:\/\/arslanagic.com\/hr\/\",\"name\":\"Abas Arslanagi\\u0107\",\"description\":\"Just another WordPress site\",\"potentialAction\":[{\"@type\":\"SearchAction\",\"target\":\"https:\/\/arslanagic.com\/hr\/?s={search_term_string}\",\"query-input\":\"required name=search_term_string\"}],\"inLanguage\":\"en-US\"},{\"@type\":\"ImageObject\",\"@id\":\"https:\/\/arslanagic.com\/hr\/analiza-svjetskih-golmana\/#primaryimage\",\"inLanguage\":\"en-US\",\"url\":\"http:\/\/arslanagic.com\/hr\/wp-content\/uploads\/2015\/04\/potpis.png\"},{\"@type\":\"WebPage\",\"@id\":\"https:\/\/arslanagic.com\/hr\/analiza-svjetskih-golmana\/#webpage\",\"url\":\"https:\/\/arslanagic.com\/hr\/analiza-svjetskih-golmana\/\",\"name\":\"Analiza svjetskih golmana - Abas Arslanagi\\u0107\",\"isPartOf\":{\"@id\":\"https:\/\/arslanagic.com\/hr\/#website\"},\"primaryImageOfPage\":{\"@id\":\"https:\/\/arslanagic.com\/hr\/analiza-svjetskih-golmana\/#primaryimage\"},\"datePublished\":\"2015-04-28T20:51:33+00:00\",\"dateModified\":\"2015-05-06T07:39:20+00:00\",\"inLanguage\":\"en-US\",\"potentialAction\":[{\"@type\":\"ReadAction\",\"target\":[\"https:\/\/arslanagic.com\/hr\/analiza-svjetskih-golmana\/\"]}]}]}<\/script>\n<!-- \/ Yoast SEO plugin. -->","_links":{"self":[{"href":"https:\/\/arslanagic.com\/hr\/wp-json\/wp\/v2\/pages\/3908"}],"collection":[{"href":"https:\/\/arslanagic.com\/hr\/wp-json\/wp\/v2\/pages"}],"about":[{"href":"https:\/\/arslanagic.com\/hr\/wp-json\/wp\/v2\/types\/page"}],"author":[{"embeddable":true,"href":"https:\/\/arslanagic.com\/hr\/wp-json\/wp\/v2\/users\/20"}],"replies":[{"embeddable":true,"href":"https:\/\/arslanagic.com\/hr\/wp-json\/wp\/v2\/comments?post=3908"}],"version-history":[{"count":8,"href":"https:\/\/arslanagic.com\/hr\/wp-json\/wp\/v2\/pages\/3908\/revisions"}],"predecessor-version":[{"id":3984,"href":"https:\/\/arslanagic.com\/hr\/wp-json\/wp\/v2\/pages\/3908\/revisions\/3984"}],"wp:attachment":[{"href":"https:\/\/arslanagic.com\/hr\/wp-json\/wp\/v2\/media?parent=3908"}],"curies":[{"name":"wp","href":"https:\/\/api.w.org\/{rel}","templated":true}]}}