{"id":3910,"date":"2015-04-28T20:52:07","date_gmt":"2015-04-28T20:52:07","guid":{"rendered":"http:\/\/arslanagic.com\/hr\/?page_id=3910"},"modified":"2015-06-13T18:46:03","modified_gmt":"2015-06-13T18:46:03","slug":"o-knjizi","status":"publish","type":"page","link":"https:\/\/arslanagic.com\/hr\/o-knjizi\/","title":{"rendered":"O knjizi"},"content":{"rendered":"<p><div class=\"et_pb_section et_pb_fullwidth_section et_section_regular\">\r\n\t\t\t\r\n\t\t\t\r\n\t\t\t\t\r\n\t\t\t\t<div class=\"et_pb_slider\">\r\n\t\t\t<div class=\"et_pb_slides\">\r\n\t\t\t\t<div class=\"et_pb_slide et_pb_bg_layout_dark et_pb_media_alignment_center\" style='background-color:#ffffff;background-image:url(http:\/\/arslanagic.com\/wp-content\/uploads\/2015\/04\/knjiga.jpg);'>\r\n\t\t\t\r\n\t\t\t<div class=\"et_pb_container clearfix\">\r\n\t\t\t\t\r\n\t\t\t\t<div class=\"et_pb_slide_description\">\r\n\t\t\t\t\t\r\n\t\t\t\t\t<div class=\"et_pb_slide_content\"><\/div>\r\n\t\t\t\t\t\r\n\t\t\t\t<\/div> <!-- .et_pb_slide_description -->\r\n\t\t\t<\/div> <!-- .et_pb_container -->\r\n\t\t\t\r\n\t\t<\/div> <!-- .et_pb_slide -->\r\n\t\t\r\n\t\t\t<\/div> <!-- .et_pb_slides -->\r\n\t\t<\/div> <!-- .et_pb_slider -->\r\n\t\t\r\n\t\t\t\r\n\t\t<\/div> <!-- .et_pb_section --><div class=\"et_pb_section et_section_regular\" style='background-color:#e0f6ff;'>\r\n\t\t\t\r\n\t\t\t\r\n\t\t\t\t\r\n\t\t\t\t<div class=\"et_pb_row\">\r\n\t\t\t<div class=\"et_pb_column et_pb_column_4_4\">\r\n\t\t\t<div class=\"et_pb_text et_pb_bg_layout_light et_pb_text_align_left\">\r\n\t\t\t\n<h3 style=\"text-align: center;\"><strong><span style=\"color: #1f87b8;\">UVOD<\/span><\/strong><\/h3>\n<p style=\"text-align: center;\">Knjiga je autorova tre\u0107a knjiga koja se bavi problematikom rukometnog vratara, njegovom osobno\u0161\u0107u, fizi\u010dkom pripremom, vratarskom tehnikom i taktikom te ostalim relevantnim popratnim segmentima njegove igre.<\/p>\n<p style=\"text-align: center;\">Rukometni svijet priznaje dvije vratarske \u0161kole \u2013 \u0160vedska i Jugoslavenska \u0161kola. Cilj knjige je pridonijeti odr\u017eavanju tradicije vrhunskih vratara koji dolaze s podru\u010dja biv\u0161e dr\u017eave. Knjiga tako\u0111er obja\u0161njava evoluciju stvaranja \u0161kole vratara u RK Borac, klubu koji je prema autoru, dao puno u svijetu rukometa. Kao \u010dlan te vratarske \u0161kole i kao osoba koja je dala veliki doprinos stvaranju tehnika branjenja, odlu\u010dio je prenijeti svoje iskustvo i znanje na slijede\u0107e generacije.<\/p>\n\r\n\t\t<\/div> <!-- .et_pb_text -->\r\n\t\t<\/div> <!-- .et_pb_column -->\r\n\t\t<\/div> <!-- .et_pb_row -->\r\n\t\t\t\r\n\t\t<\/div> <!-- .et_pb_section --><div class=\"et_pb_section et_section_regular\">\r\n\t\t\t\r\n\t\t\t\r\n\t\t\t\t\r\n\t\t\t\t<div class=\"et_pb_row\">\r\n\t\t\t<div class=\"et_pb_column et_pb_column_4_4\">\r\n\t\t\t<img src=\"http:\/\/arslanagic.com\/hr\/wp-content\/uploads\/2015\/04\/exercise1.jpg\" alt=\"\" class=\"et-waypoint et_pb_image et_pb_animation_fade_in\" \/>\r\n\t\t<\/div> <!-- .et_pb_column -->\r\n\t\t<\/div> <!-- .et_pb_row --><div class=\"et_pb_row\">\r\n\t\t\t<div class=\"et_pb_column et_pb_column_4_4\">\r\n\t\t\t<div class=\"et_pb_text et_pb_bg_layout_light et_pb_text_align_center\">\r\n\t\t\t\n<p>Vratarske vje\u017ebe za odbranu poluvisokih lopti.<\/p>\n\r\n\t\t<\/div> <!-- .et_pb_text -->\r\n\t\t<\/div> <!-- .et_pb_column -->\r\n\t\t<\/div> <!-- .et_pb_row -->\r\n\t\t\t\r\n\t\t<\/div> <!-- .et_pb_section --><div class=\"et_pb_section et_section_regular\" style='background-color:#e0f6ff;'>\r\n\t\t\t\r\n\t\t\t\r\n\t\t\t\t\r\n\t\t\t\t<div class=\"et_pb_row\">\r\n\t\t\t<div class=\"et_pb_column et_pb_column_4_4\">\r\n\t\t\t<div class=\"et_pb_text et_pb_bg_layout_light et_pb_text_align_left\">\r\n\t\t\t\n<h3 style=\"text-align: center;\"><strong><span style=\"color: #1f87b8;\">KAKO JE PO\u010cELO?<\/span><\/strong><\/h3>\n<p style=\"text-align: center;\">Prisjetimo se davne 1976; finalna utakmica Kupa prvaka Europe; RK borac vs Fredericia, Banja Luka je postala sredi\u0161te rukometnog svijeta. Cijeli IHF ured je bio tamo te su se odre\u0111ivale skupine za rukometni turnir za nadolaze\u0107e Olimpijske igre u Montrealu.<\/p>\n<p style=\"text-align: center;\">Nakon utakmice ugledni \u010dlan IHF-a i predsjednik tehni\u010dke komisije, uva\u017eeni gospodin Curt Wadmark iz \u0160vedske je \u010destitao Arslanagi\u0107u na naslovu i pohvalio Jugoslavenske vratare.<\/p>\n<p style=\"text-align: center;\">Mnogo godina kasnije, 2009; u Kataru, jo\u0161 jedan \u0160ve\u0111anin, legendarni Magnus Wislander tako\u0111er je pri\u010dao o Jugoslavenskim vratara sa divljenjem i uz rije\u010di pohvale. Naglasio je koliko je\u00a0 truda i znanja krilni igra\u010d trebao ulo\u017eiti kako bi zabio gol sa krilne pozicije.<\/p>\n<p style=\"text-align: center;\">Unato\u010d \u010dinjenici da je Roland Mattson bio prvi vratar koji je po\u010deo braniti novom tehnikom, Jugoslavenski vratari su bili oni koji usavr\u0161ili tehniku i od nje stvorili svjetski brend.<\/p>\n<p style=\"text-align: center;\">Bit i uspjeh Jugoslavenske \u0161kole vratara je: racionalno i dotjerano branjenje uz gotovo tehni\u010dku perfekciju, stabilan i \u010dvrst oslonac bez propadanja i lijetanja po gol crti i vladanje situacijom uz maksimalnu kontrolu iste.<\/p>\n<p style=\"text-align: center;\">Luyo Gyory je prvi vratar koji je koristio nove tehnike.<\/p>\n\r\n\t\t<\/div> <!-- .et_pb_text -->\r\n\t\t<\/div> <!-- .et_pb_column -->\r\n\t\t<\/div> <!-- .et_pb_row -->\r\n\t\t\t\r\n\t\t<\/div> <!-- .et_pb_section --><div class=\"et_pb_section et_section_regular\" style='background-color:#ffffff;'>\r\n\t\t\t\r\n\t\t\t\r\n\t\t\t\t\r\n\t\t\t\t<div class=\"et_pb_row\">\r\n\t\t\t<div class=\"et_pb_column et_pb_column_4_4\">\r\n\t\t\t<div class=\"et_pb_text et_pb_bg_layout_light et_pb_text_align_left\">\r\n\t\t\t\n<h3 style=\"text-align: center;\"><strong><span style=\"color: #1f87b8;\">KATAR<\/span><\/strong><\/h3>\n<p style=\"text-align: center;\">Abas Arslanagi\u0107 je \u017eivio i radio sa vratarima u Kataru u razdoblju 2009.-2013. Iako je namjera bila ostati samo godinu dana, ostao je gotovo \u010detiri i pol godine i radio s vratarima iz gotovo svih nacionalnih timova.<\/p>\n<p style=\"text-align: center;\">Prva zamisao je bila da se formira golmanska akademija gdje \u0107e se raditi sa mladim vratarima kako bi ih se educiralo i nau\u010dilo osnovne tehnike vratara. U periodu od rujna 2009 do sije\u010dnja 2010 radio je s vratarima seniorske reprezentacije.<\/p>\n<p style=\"text-align: center;\">Sa svim vratarima je primjenjivao vje\u017ebe iz knjige koja mu je pomogla upravljati i pobolj\u0161ati osnovnu vratarsku tehniku, takti\u010dku pripremu za utakmice, te tempiranje forme za pojedina natjecanja.<\/p>\n\r\n\t\t<\/div> <!-- .et_pb_text -->\r\n\t\t<\/div> <!-- .et_pb_column -->\r\n\t\t<\/div> <!-- .et_pb_row -->\r\n\t\t\t\r\n\t\t<\/div> <!-- .et_pb_section --><\/p>\n","protected":false},"excerpt":{"rendered":"","protected":false},"author":20,"featured_media":0,"parent":0,"menu_order":0,"comment_status":"open","ping_status":"open","template":"","meta":[],"yoast_head":"<!-- This site is optimized with the Yoast SEO plugin v15.7 - https:\/\/yoast.com\/wordpress\/plugins\/seo\/ -->\n<meta name=\"robots\" content=\"index, follow, max-snippet:-1, max-image-preview:large, max-video-preview:-1\" \/>\n<link rel=\"canonical\" href=\"https:\/\/arslanagic.com\/hr\/o-knjizi\/\" \/>\n<meta property=\"og:locale\" content=\"en_US\" \/>\n<meta property=\"og:type\" content=\"article\" \/>\n<meta property=\"og:title\" content=\"O knjizi - Abas Arslanagi\u0107\" \/>\n<meta property=\"og:url\" content=\"https:\/\/arslanagic.com\/hr\/o-knjizi\/\" \/>\n<meta property=\"og:site_name\" content=\"Abas Arslanagi\u0107\" \/>\n<meta property=\"article:modified_time\" content=\"2015-06-13T18:46:03+00:00\" \/>\n<meta name=\"twitter:card\" content=\"summary\" \/>\n<meta name=\"twitter:label1\" content=\"Est. reading time\">\n\t<meta name=\"twitter:data1\" content=\"4 minutes\">\n<script type=\"application\/ld+json\" class=\"yoast-schema-graph\">{\"@context\":\"https:\/\/schema.org\",\"@graph\":[{\"@type\":\"WebSite\",\"@id\":\"https:\/\/arslanagic.com\/hr\/#website\",\"url\":\"https:\/\/arslanagic.com\/hr\/\",\"name\":\"Abas Arslanagi\\u0107\",\"description\":\"Just another WordPress site\",\"potentialAction\":[{\"@type\":\"SearchAction\",\"target\":\"https:\/\/arslanagic.com\/hr\/?s={search_term_string}\",\"query-input\":\"required name=search_term_string\"}],\"inLanguage\":\"en-US\"},{\"@type\":\"WebPage\",\"@id\":\"https:\/\/arslanagic.com\/hr\/o-knjizi\/#webpage\",\"url\":\"https:\/\/arslanagic.com\/hr\/o-knjizi\/\",\"name\":\"O knjizi - Abas Arslanagi\\u0107\",\"isPartOf\":{\"@id\":\"https:\/\/arslanagic.com\/hr\/#website\"},\"datePublished\":\"2015-04-28T20:52:07+00:00\",\"dateModified\":\"2015-06-13T18:46:03+00:00\",\"inLanguage\":\"en-US\",\"potentialAction\":[{\"@type\":\"ReadAction\",\"target\":[\"https:\/\/arslanagic.com\/hr\/o-knjizi\/\"]}]}]}<\/script>\n<!-- \/ Yoast SEO plugin. -->","_links":{"self":[{"href":"https:\/\/arslanagic.com\/hr\/wp-json\/wp\/v2\/pages\/3910"}],"collection":[{"href":"https:\/\/arslanagic.com\/hr\/wp-json\/wp\/v2\/pages"}],"about":[{"href":"https:\/\/arslanagic.com\/hr\/wp-json\/wp\/v2\/types\/page"}],"author":[{"embeddable":true,"href":"https:\/\/arslanagic.com\/hr\/wp-json\/wp\/v2\/users\/20"}],"replies":[{"embeddable":true,"href":"https:\/\/arslanagic.com\/hr\/wp-json\/wp\/v2\/comments?post=3910"}],"version-history":[{"count":6,"href":"https:\/\/arslanagic.com\/hr\/wp-json\/wp\/v2\/pages\/3910\/revisions"}],"predecessor-version":[{"id":3927,"href":"https:\/\/arslanagic.com\/hr\/wp-json\/wp\/v2\/pages\/3910\/revisions\/3927"}],"wp:attachment":[{"href":"https:\/\/arslanagic.com\/hr\/wp-json\/wp\/v2\/media?parent=3910"}],"curies":[{"name":"wp","href":"https:\/\/api.w.org\/{rel}","templated":true}]}}