{"id":3912,"date":"2015-04-28T20:52:43","date_gmt":"2015-04-28T20:52:43","guid":{"rendered":"http:\/\/arslanagic.com\/hr\/?page_id=3912"},"modified":"2015-05-07T12:53:00","modified_gmt":"2015-05-07T12:53:00","slug":"o-autoru","status":"publish","type":"page","link":"https:\/\/arslanagic.com\/hr\/o-autoru\/","title":{"rendered":"O autoru"},"content":{"rendered":"<p><div class=\"et_pb_section et_section_regular\">\r\n\t\t\t\r\n\t\t\t\r\n\t\t\t\t\r\n\t\t\t\t<div class=\"et_pb_row\">\r\n\t\t\t<div class=\"et_pb_column et_pb_column_2_3\">\r\n\t\t\t<div class=\"et_pb_text et_pb_bg_layout_light et_pb_text_align_left\">\r\n\t\t\t\n<h3 style=\"text-align: center;\"><span style=\"color: #1f87b8;\"><strong>ABAS ARSLANAGI\u0106<\/strong><\/span><\/h3>\n<p>&nbsp;<\/p>\n<p>Ro\u0111en je 2.10.1944. godine u Derventi, Bosna i Hercegovina, gdje je u lokalnom klubu, RK Partizan, zapo\u010deo rukometnu karijeru.<\/p>\n<p>Po zavr\u0161etku srednje \u0161kole, 1962. godine, odlazi studirati u Beograd, gdje pristupa RK Partizan. S nepunih osamnaest godina postaje prvoliga\u0161ki vratar. U Beogradu ostaje godinu dana, a potom prelazi u RK Borac iz Banja Luke. Ispostavit \u0107e se da mu je to bila \u017eivotna odluka jer su svi rezultati koje je kasnije ostvario vezani uz taj klub. Dok je igrao u RK Borac, zavr\u0161io je Fakultet za fizi\u010dku kulturu u Sarajevu.<\/p>\n\r\n\t\t<\/div> <!-- .et_pb_text -->\r\n\t\t<\/div> <!-- .et_pb_column --><div class=\"et_pb_column et_pb_column_1_3\">\r\n\t\t\t<img src=\"http:\/\/arslanagic.com\/wp-content\/uploads\/2015\/04\/abas-slika.jpg\" alt=\"\" class=\"et-waypoint et_pb_image et_pb_animation_right\" \/>\r\n\t\t<\/div> <!-- .et_pb_column -->\r\n\t\t<\/div> <!-- .et_pb_row -->\r\n\t\t\t\r\n\t\t<\/div> <!-- .et_pb_section --><div class=\"et_pb_section et_pb_fullwidth_section et_section_regular\">\r\n\t\t\t\r\n\t\t\t\r\n\t\t\t\t\r\n\t\t\t\t<div class=\"et_pb_fullwidth_portfolio et_pb_fullwidth_portfolio_carousel et_pb_bg_layout_light\" data-auto-rotate=\"off\" data-auto-rotate-speed=\"7000\">\r\n\t\t\t\r\n\t\t\t<div class=\"et_pb_portfolio_items clearfix\" data-columns=\"\">\r\n\t\t\t\t\t\t\t<div id=\"post-3833\" class=\"et_pb_portfolio_item  post-3833 project type-project status-publish has-post-thumbnail hentry project_category-timeline-slike\">\r\n\t\t\t\t\t\t\t\t<div class=\"et_pb_portfolio_image landscape\">\r\n\t\t\t\t\t\t<a href=\"https:\/\/arslanagic.com\/hr\/project\/1979-published-his-first-book-in-the-handball-goal\/\">\r\n\t\t\t\t\t\t\t<img src=\"https:\/\/arslanagic.com\/hr\/wp-content\/uploads\/2015\/04\/5.jpg\" alt=\"1969 \u2013 Prvi put osvaja kup Jugoslavije s RK Borcem\"\/>\r\n\t\t\t\t\t\t\t<div class=\"meta\">\r\n\t\t\t\t\t\t\t\t<span class=\"et_overlay\"><\/span>\r\n\r\n\t\t\t\t\t\t\t\t\t\t\t\t\t\t\t\t\t<h3>1969 \u2013 Prvi put osvaja kup Jugoslavije s RK Borcem<\/h3>\r\n\t\t\t\t\t\t\t\t\r\n\t\t\t\t\t\t\t\t\t\t\t\t\t\t\t\t\t<p class=\"post-meta\">April 28, 2015<\/p>\r\n\t\t\t\t\t\t\t\t\t\t\t\t\t\t\t<\/div>\r\n\t\t\t\t\t\t<\/a>\r\n\t\t\t\t\t<\/div>\r\n\t\t\t\t\t\t<\/div>\r\n\t\t\t\t\t\t<div id=\"post-3830\" class=\"et_pb_portfolio_item  post-3830 project type-project status-publish has-post-thumbnail hentry project_category-timeline-slike\">\r\n\t\t\t\t\t\t\t\t<div class=\"et_pb_portfolio_image landscape\">\r\n\t\t\t\t\t\t<a href=\"https:\/\/arslanagic.com\/hr\/project\/1972-became-olympic-gold-medalist-in-muenchen-germany\/\">\r\n\t\t\t\t\t\t\t<img src=\"https:\/\/arslanagic.com\/hr\/wp-content\/uploads\/2015\/04\/4.jpg\" alt=\"1970 &#8211; Bronca SP u Parizu\"\/>\r\n\t\t\t\t\t\t\t<div class=\"meta\">\r\n\t\t\t\t\t\t\t\t<span class=\"et_overlay\"><\/span>\r\n\r\n\t\t\t\t\t\t\t\t\t\t\t\t\t\t\t\t\t<h3>1970 &#8211; Bronca SP u Parizu<\/h3>\r\n\t\t\t\t\t\t\t\t\r\n\t\t\t\t\t\t\t\t\t\t\t\t\t\t\t\t\t<p class=\"post-meta\">April 28, 2015<\/p>\r\n\t\t\t\t\t\t\t\t\t\t\t\t\t\t\t<\/div>\r\n\t\t\t\t\t\t<\/a>\r\n\t\t\t\t\t<\/div>\r\n\t\t\t\t\t\t<\/div>\r\n\t\t\t\t\t\t<div id=\"post-3827\" class=\"et_pb_portfolio_item  post-3827 project type-project status-publish has-post-thumbnail hentry project_category-timeline-slike\">\r\n\t\t\t\t\t\t\t\t<div class=\"et_pb_portfolio_image landscape\">\r\n\t\t\t\t\t\t<a href=\"https:\/\/arslanagic.com\/hr\/project\/1969-debut-for-yugoslavian-national-team\/\">\r\n\t\t\t\t\t\t\t<img src=\"https:\/\/arslanagic.com\/hr\/wp-content\/uploads\/2015\/04\/3.jpg\" alt=\"1972 \u2013 Zlato OI u Munich\"\/>\r\n\t\t\t\t\t\t\t<div class=\"meta\">\r\n\t\t\t\t\t\t\t\t<span class=\"et_overlay\"><\/span>\r\n\r\n\t\t\t\t\t\t\t\t\t\t\t\t\t\t\t\t\t<h3>1972 \u2013 Zlato OI u Munich<\/h3>\r\n\t\t\t\t\t\t\t\t\r\n\t\t\t\t\t\t\t\t\t\t\t\t\t\t\t\t\t<p class=\"post-meta\">April 28, 2015<\/p>\r\n\t\t\t\t\t\t\t\t\t\t\t\t\t\t\t<\/div>\r\n\t\t\t\t\t\t<\/a>\r\n\t\t\t\t\t<\/div>\r\n\t\t\t\t\t\t<\/div>\r\n\t\t\t\t\t\t<div id=\"post-3824\" class=\"et_pb_portfolio_item  post-3824 project type-project status-publish has-post-thumbnail hentry project_category-timeline-slike\">\r\n\t\t\t\t\t\t\t\t<div class=\"et_pb_portfolio_image landscape\">\r\n\t\t\t\t\t\t<a href=\"https:\/\/arslanagic.com\/hr\/project\/1958-started-to-play-handball\/\">\r\n\t\t\t\t\t\t\t<img src=\"https:\/\/arslanagic.com\/hr\/wp-content\/uploads\/2015\/04\/2.jpg\" alt=\"1973 &#8211; Prvi put prvak Jugoslavije s RK Borcem\"\/>\r\n\t\t\t\t\t\t\t<div class=\"meta\">\r\n\t\t\t\t\t\t\t\t<span class=\"et_overlay\"><\/span>\r\n\r\n\t\t\t\t\t\t\t\t\t\t\t\t\t\t\t\t\t<h3>1973 &#8211; Prvi put prvak Jugoslavije s RK Borcem<\/h3>\r\n\t\t\t\t\t\t\t\t\r\n\t\t\t\t\t\t\t\t\t\t\t\t\t\t\t\t\t<p class=\"post-meta\">April 28, 2015<\/p>\r\n\t\t\t\t\t\t\t\t\t\t\t\t\t\t\t<\/div>\r\n\t\t\t\t\t\t<\/a>\r\n\t\t\t\t\t<\/div>\r\n\t\t\t\t\t\t<\/div>\r\n\t\t\t\t\t\t<div id=\"post-3821\" class=\"et_pb_portfolio_item  post-3821 project type-project status-publish has-post-thumbnail hentry project_category-timeline-slike\">\r\n\t\t\t\t\t\t\t\t<div class=\"et_pb_portfolio_image landscape\">\r\n\t\t\t\t\t\t<a href=\"https:\/\/arslanagic.com\/hr\/project\/1944-abas-arslanagic-was-born-in-derventa\/\">\r\n\t\t\t\t\t\t\t<img src=\"https:\/\/arslanagic.com\/hr\/wp-content\/uploads\/2015\/04\/1.jpg\" alt=\"1974 &#8211; Bronca SP u Berlinu\"\/>\r\n\t\t\t\t\t\t\t<div class=\"meta\">\r\n\t\t\t\t\t\t\t\t<span class=\"et_overlay\"><\/span>\r\n\r\n\t\t\t\t\t\t\t\t\t\t\t\t\t\t\t\t\t<h3>1974 &#8211; Bronca SP u Berlinu<\/h3>\r\n\t\t\t\t\t\t\t\t\r\n\t\t\t\t\t\t\t\t\t\t\t\t\t\t\t\t\t<p class=\"post-meta\">April 28, 2015<\/p>\r\n\t\t\t\t\t\t\t\t\t\t\t\t\t\t\t<\/div>\r\n\t\t\t\t\t\t<\/a>\r\n\t\t\t\t\t<\/div>\r\n\t\t\t\t\t\t<\/div>\r\n\t\t\t\t\t\t<div id=\"post-3953\" class=\"et_pb_portfolio_item  post-3953 project type-project status-publish has-post-thumbnail hentry project_category-timeline-slike\">\r\n\t\t\t\t\t\t\t\t<div class=\"et_pb_portfolio_image landscape\">\r\n\t\t\t\t\t\t<a href=\"https:\/\/arslanagic.com\/hr\/project\/1976-osvojena-titula-prvaka-europe-sa-rk-borcem\/\">\r\n\t\t\t\t\t\t\t<img src=\"https:\/\/arslanagic.com\/hr\/wp-content\/uploads\/2015\/04\/6.png\" alt=\"1976 &#8211; Osvojena titula prvaka Europe sa RK Borcem\"\/>\r\n\t\t\t\t\t\t\t<div class=\"meta\">\r\n\t\t\t\t\t\t\t\t<span class=\"et_overlay\"><\/span>\r\n\r\n\t\t\t\t\t\t\t\t\t\t\t\t\t\t\t\t\t<h3>1976 &#8211; Osvojena titula prvaka Europe sa RK Borcem<\/h3>\r\n\t\t\t\t\t\t\t\t\r\n\t\t\t\t\t\t\t\t\t\t\t\t\t\t\t\t\t<p class=\"post-meta\">April 27, 2015<\/p>\r\n\t\t\t\t\t\t\t\t\t\t\t\t\t\t\t<\/div>\r\n\t\t\t\t\t\t<\/a>\r\n\t\t\t\t\t<\/div>\r\n\t\t\t\t\t\t<\/div>\r\n\t\t\t\t\t\t<div id=\"post-3956\" class=\"et_pb_portfolio_item  post-3956 project type-project status-publish has-post-thumbnail hentry project_category-timeline-slike\">\r\n\t\t\t\t\t\t\t\t<div class=\"et_pb_portfolio_image landscape\">\r\n\t\t\t\t\t\t<a href=\"https:\/\/arslanagic.com\/hr\/project\/1981-1-mjesto-sp-u-portu-portugal-trener-juniorske-reprezentacije-bivse-drzave\/\">\r\n\t\t\t\t\t\t\t<img src=\"https:\/\/arslanagic.com\/hr\/wp-content\/uploads\/2015\/04\/7.png\" alt=\"1981 &#8211; 1 mjesto SP u Portu, Portugal &#8211; trener juniorske reprezentacije biv\u0161e dr\u017eave\"\/>\r\n\t\t\t\t\t\t\t<div class=\"meta\">\r\n\t\t\t\t\t\t\t\t<span class=\"et_overlay\"><\/span>\r\n\r\n\t\t\t\t\t\t\t\t\t\t\t\t\t\t\t\t\t<h3>1981 &#8211; 1 mjesto SP u Portu, Portugal &#8211; trener juniorske reprezentacije biv\u0161e dr\u017eave<\/h3>\r\n\t\t\t\t\t\t\t\t\r\n\t\t\t\t\t\t\t\t\t\t\t\t\t\t\t\t\t<p class=\"post-meta\">April 26, 2015<\/p>\r\n\t\t\t\t\t\t\t\t\t\t\t\t\t\t\t<\/div>\r\n\t\t\t\t\t\t<\/a>\r\n\t\t\t\t\t<\/div>\r\n\t\t\t\t\t\t<\/div>\r\n\t\t\t\t\t\t<div id=\"post-3959\" class=\"et_pb_portfolio_item  post-3959 project type-project status-publish has-post-thumbnail hentry project_category-timeline-slike\">\r\n\t\t\t\t\t\t\t\t<div class=\"et_pb_portfolio_image landscape\">\r\n\t\t\t\t\t\t<a href=\"https:\/\/arslanagic.com\/hr\/project\/1986-1-mjesto-sp-u-zurichu-svicarska-trener-reprezentacije-jugoslavije\/\">\r\n\t\t\t\t\t\t\t<img src=\"https:\/\/arslanagic.com\/hr\/wp-content\/uploads\/2015\/04\/8.png\" alt=\"1986 &#8211; 1 mjesto SP u Zurichu, \u0160vicarska &#8211; trener reprezentacije Jugoslavije\"\/>\r\n\t\t\t\t\t\t\t<div class=\"meta\">\r\n\t\t\t\t\t\t\t\t<span class=\"et_overlay\"><\/span>\r\n\r\n\t\t\t\t\t\t\t\t\t\t\t\t\t\t\t\t\t<h3>1986 &#8211; 1 mjesto SP u Zurichu, \u0160vicarska &#8211; trener reprezentacije Jugoslavije<\/h3>\r\n\t\t\t\t\t\t\t\t\r\n\t\t\t\t\t\t\t\t\t\t\t\t\t\t\t\t\t<p class=\"post-meta\">April 25, 2015<\/p>\r\n\t\t\t\t\t\t\t\t\t\t\t\t\t\t\t<\/div>\r\n\t\t\t\t\t\t<\/a>\r\n\t\t\t\t\t<\/div>\r\n\t\t\t\t\t\t<\/div>\r\n\t\t\t\t\t\t<div id=\"post-3962\" class=\"et_pb_portfolio_item  post-3962 project type-project status-publish has-post-thumbnail hentry project_category-timeline-slike\">\r\n\t\t\t\t\t\t\t\t<div class=\"et_pb_portfolio_image landscape\">\r\n\t\t\t\t\t\t<a href=\"https:\/\/arslanagic.com\/hr\/project\/1988-3-mjesto-oi-u-seoulu-sjeverna-korea-izbornik-reprezentacije-jugoslavije\/\">\r\n\t\t\t\t\t\t\t<img src=\"https:\/\/arslanagic.com\/hr\/wp-content\/uploads\/2015\/04\/9.png\" alt=\"1988 \u2013 3 mjesto OI u Seoulu, Sjeverna Korea \u2013 izbornik reprezentacije Jugoslavije\"\/>\r\n\t\t\t\t\t\t\t<div class=\"meta\">\r\n\t\t\t\t\t\t\t\t<span class=\"et_overlay\"><\/span>\r\n\r\n\t\t\t\t\t\t\t\t\t\t\t\t\t\t\t\t\t<h3>1988 \u2013 3 mjesto OI u Seoulu, Sjeverna Korea \u2013 izbornik reprezentacije Jugoslavije<\/h3>\r\n\t\t\t\t\t\t\t\t\r\n\t\t\t\t\t\t\t\t\t\t\t\t\t\t\t\t\t<p class=\"post-meta\">April 24, 2015<\/p>\r\n\t\t\t\t\t\t\t\t\t\t\t\t\t\t\t<\/div>\r\n\t\t\t\t\t\t<\/a>\r\n\t\t\t\t\t<\/div>\r\n\t\t\t\t\t\t<\/div>\r\n\t\t\t\t\t\t<div id=\"post-3965\" class=\"et_pb_portfolio_item  post-3965 project type-project status-publish has-post-thumbnail hentry project_category-timeline-slike\">\r\n\t\t\t\t\t\t\t\t<div class=\"et_pb_portfolio_image landscape\">\r\n\t\t\t\t\t\t<a href=\"https:\/\/arslanagic.com\/hr\/project\/2013-izdao-svoju-trecu-knjigu-rukometni-golman-najvaznija-karika-uspjeha\/\">\r\n\t\t\t\t\t\t\t<img src=\"https:\/\/arslanagic.com\/hr\/wp-content\/uploads\/2015\/04\/10.png\" alt=\"2013 \u2013 Izdao svoju tre\u0107u knjigu \u201eRukometni Golman \u2013 Najva\u017enija karika uspjeha\u201c\"\/>\r\n\t\t\t\t\t\t\t<div class=\"meta\">\r\n\t\t\t\t\t\t\t\t<span class=\"et_overlay\"><\/span>\r\n\r\n\t\t\t\t\t\t\t\t\t\t\t\t\t\t\t\t\t<h3>2013 \u2013 Izdao svoju tre\u0107u knjigu \u201eRukometni Golman \u2013 Najva\u017enija karika uspjeha\u201c<\/h3>\r\n\t\t\t\t\t\t\t\t\r\n\t\t\t\t\t\t\t\t\t\t\t\t\t\t\t\t\t<p class=\"post-meta\">April 23, 2015<\/p>\r\n\t\t\t\t\t\t\t\t\t\t\t\t\t\t\t<\/div>\r\n\t\t\t\t\t\t<\/a>\r\n\t\t\t\t\t<\/div>\r\n\t\t\t\t\t\t<\/div>\r\n\t\t\t\r\n\t\t\t<\/div><!-- .et_pb_portfolio_items -->\r\n\t\t<\/div> <!-- .et_pb_fullwidth_portfolio -->\r\n\t\t\t\r\n\t\t<\/div> <!-- .et_pb_section --><div class=\"et_pb_section et_section_regular\" style='background-color:#f5fcff;'>\r\n\t\t\t\r\n\t\t\t\r\n\t\t\t\t\r\n\t\t\t\t<div class=\"et_pb_row\">\r\n\t\t\t<div class=\"et_pb_column et_pb_column_1_2\">\r\n\t\t\t<div class=\"et_pb_text et_pb_bg_layout_light et_pb_text_align_left\">\r\n\t\t\t\n<h3 style=\"text-align: center;\"><span style=\"color: #1f87b8;\"><strong>TRENERSKA KARIJERA<\/strong><\/span><\/h3>\n<p>Trenersku karijeru je zapo\u010deo tijekom aktivne sportske karijere. Radio je sa juniorskom ekipom RK Borac, generacijom Zlatana Sara\u010devi\u0107, a trenirao je i \u017eensku rukometnu ekipu Mladost, Banja Luka. Kad je zavr\u0161io svoju aktivnu karijeru, ve\u0107 je imao odre\u0111eno iskustvo u treniranju.<\/p>\n<p>Me\u0111u mnogim klubovima koje je trenirao su: RK Borac Banja Luka, RK Metaloplastika, \u0160abac, RK Zagreb, RK Bosna Sarajevo, RK Medve\u0161\u010dak, Zagreb, RK Kr\u0161ko, HC Zve\u010devo, Po\u017eega, HC Bosnamonta\u017ea.<\/p>\n<p>U svojoj trenerskoj karijeri bio je izbornik juniorske rukometne reprezentacije Jugoslavije (1. u Portugalu 1981); trener vratara Jugoslavenske reprezentacije (2. u Dortmund 1982); trener Jugoslavenske reprezentacije (1. u WCH u Zurich 1986); izbornik Jugoslavenske reprezentacije (3. \u00a01988 OI u Seoulu); izbornik Hrvatske reprezentacije; izbornik reprezentacije Katara u razdoblju 1988-1994; i izbornik Bosne i Hercegovine 2003 i 2004.<\/p>\n\r\n\t\t<\/div> <!-- .et_pb_text -->\r\n\t\t<\/div> <!-- .et_pb_column --><div class=\"et_pb_column et_pb_column_1_2\">\r\n\t\t\t<div class=\"et_pb_text et_pb_bg_layout_light et_pb_text_align_left\">\r\n\t\t\t\n<h3 style=\"text-align: center;\"><span style=\"color: #1f87b8;\"><strong>IGRA\u010cKA\u00a0KARIJERA<\/strong><\/span><\/h3>\n<p>Prvo priznanje za njegov rad je do\u0161lo 1970 na Svjetskom prvenstvu u Parizu, kada je Jugoslavenska rukometna reprezentacija osvojila svoju prvu medalju &#8211; broncu. Tu je do\u017eivio prvu internacionalnu afirmaciju: progla\u0161en je najboljim vratarom na svijetu. Dvije godine kasnije Jugoslavenska rukometna reprezentacija osvojila je zlatnu medalju na prvom olimpijskom rukometnom turnir na Olimpijskom turniru u Munchenu, a 1974 na Svjetskom prvenstvu u Berlinu osvojili su broncu.<\/p>\n<p>Tih godina rukometni klub, Borac, Banja Luka, vladao je doma\u0107om rukometnom scenom. U razdoblju 1972-1975 Borac je osvojio 4 prvenstva i 4 Kupa Jugoslavije, a ukupno pet ako se zbroji i onaj iz 1969 godine. Me\u0111utim, titula pobjednika Kupa \u0161ampiona Europe osvojena 1976 godine, sigurno je bio sportski vrhunac cijele jedne generacije i Arslanagi\u0107a osobno.<\/p>\n<p>Za reprezentaciju biv\u0161e dr\u017eave odigrao je 125 utakmica i postigao jedan pogodak. Dva puta je igrao za mom\u010dad svijeta. Igra\u010dku karijeru zavr\u0161io je u 33 godini.<\/p>\n\r\n\t\t<\/div> <!-- .et_pb_text -->\r\n\t\t<\/div> <!-- .et_pb_column -->\r\n\t\t<\/div> <!-- .et_pb_row -->\r\n\t\t\t\r\n\t\t<\/div> <!-- .et_pb_section --><div class=\"et_pb_section et_section_regular\">\r\n\t\t\t\r\n\t\t\t\r\n\t\t\t\t\r\n\t\t\t\t<div class=\"et_pb_row\">\r\n\t\t\t<div class=\"et_pb_column et_pb_column_1_3\">\r\n\t\t\t<div class=\"et_pb_testimonial et_pb_testimonial_no_image et_pb_bg_layout_light et_pb_text_align_center clearfix\" style=\"background-color: #def5fe;\">\r\n\t\t\t\r\n\t\t\t<div class=\"et_pb_testimonial_description\">\r\n\t\t\t\t\n<blockquote><p>Nikad ne\u0107u zaboraviti 6.o\u017eujka 1970. godine, Pariz, Palais de Handball. Utakmica s Danskom za bron\u010danu medalju na Svjetskom prvenstvu. Rezultat 29:12 (13: 6), prva svjetska medalja rukometa\u0161ima. Na na\u0161em golu Abas-Ako Arslanagi\u0107, a pred njim danski rukometa\u0161 Andersen izvodi sedmerac za Dansku. Prije toga ih je Ako obranio pet! Anderson, blijed kao krpa, zamahne i od straha mu lopta ispadne iz ruke. \u0160esti sedmerac nije iskori\u0161ten.<\/p>\n<p>Takav vratar ima \u0161to napisati, stru\u010dno i povijesno, zanimljivo.<br \/>\nKnjiga je pred vama, a preda mnom slika kako Dancu Andersenu ispada lopta iz ruke.<\/p><\/blockquote>\n\r\n\t\t\t\t<strong class=\"et_pb_testimonial_author\">Reno Vinek<\/strong>\r\n\t\t\t\t<p class=\"et_pb_testimonial_meta\">Urednik, Sportske Novosti, Zagreb<\/p>\r\n\t\t\t<\/div> <!-- .et_pb_testimonial_description -->\r\n\t\t<\/div> <!-- .et_pb_testimonial -->\r\n\t\t<\/div> <!-- .et_pb_column --><div class=\"et_pb_column et_pb_column_1_3\">\r\n\t\t\t<div class=\"et_pb_testimonial et_pb_testimonial_no_image et_pb_bg_layout_light et_pb_text_align_center clearfix\" style=\"background-color: #def5fe;\">\r\n\t\t\t\r\n\t\t\t<div class=\"et_pb_testimonial_description\">\r\n\t\t\t\t\n<blockquote><p>Abas Arslanagi\u0107 nije samo pojam vratara svijeta br.1 ili pojam dobrog rukometnog pedagoga, ve\u0107 je i za\u010detnik novog shva\u0107anja obrane vlastitih vratiju na najjednostavniji na\u010din, \u010dime je utro put kasnijoj generaciji vratara. Nezaboravni su njegovi specijaliteti, bolje re\u010deno noviteti; izlazak prema protivniku u trenutku \u0161utiranja, bilo s krila, proigrane crte ili iz daljine, odraz i klasi\u010dna lepeza, ili recimo agresivni stav pri izvo\u0111enju sedmeraca, ili obostrani \u0161pagat, njegovo \u201ekontra\u201c bacanje lopte u zube itd,.<\/p><\/blockquote>\n\r\n\t\t\t\t<strong class=\"et_pb_testimonial_author\">Ivan Snoj<\/strong>\r\n\t\t\t\t<p class=\"et_pb_testimonial_meta\">\u010clan IHF-a, savezni kapetan rukometne reprezentacije Jugoslavije<\/p>\r\n\t\t\t<\/div> <!-- .et_pb_testimonial_description -->\r\n\t\t<\/div> <!-- .et_pb_testimonial -->\r\n\t\t<\/div> <!-- .et_pb_column --><div class=\"et_pb_column et_pb_column_1_3\">\r\n\t\t\t<div class=\"et_pb_testimonial et_pb_testimonial_no_image et_pb_bg_layout_light et_pb_text_align_center clearfix\" style=\"background-color: #def5fe;\">\r\n\t\t\t\r\n\t\t\t<div class=\"et_pb_testimonial_description\">\r\n\t\t\t\t\n<blockquote><p>Uzaludno je tra\u017eiti golmana poput Abasa Arslanagi\u0107a. U svemu je bio originalan i gotovo neponovljiv. Munchen 1972. godine. Olimpijski rukometni turnir, zlato za Jugoslaviju! Abas-Ako je svojevrsni junak mnchenske smotre sporta. U finalu protiv \u010cehoslova\u010dke branio je sve; udarce s linije, s krila, sedmerce&#8230; Ono \u0161to je zapo\u010deo dvije godine ranije na Svjetskom prvenstvu u Francuskoj, u Munchenu je samo potvrdio: <em>golman svijeta,<\/em> <em>div sa sedam ruku.<\/em> Rukometna enciklopedija po\u010dinje njegovim imenom, ne samo zbog stila i originalnosti, ve\u0107 i zbog brojnih trofeja me\u0111u kojima munchensko zlato ima posebnu vrijednost. Bio je reprezentativac svijeta i rukometni \u010darobnjak me\u0111u stativama.<\/p><\/blockquote>\n\r\n\t\t\t\t<strong class=\"et_pb_testimonial_author\">Tomo Mari\u0107<\/strong>\r\n\t\t\t\t<p class=\"et_pb_testimonial_meta\">novinar iz Banja Luke<\/p>\r\n\t\t\t<\/div> <!-- .et_pb_testimonial_description -->\r\n\t\t<\/div> <!-- .et_pb_testimonial -->\r\n\t\t<\/div> <!-- .et_pb_column -->\r\n\t\t<\/div> <!-- .et_pb_row -->\r\n\t\t\t\r\n\t\t<\/div> <!-- .et_pb_section --><div class=\"et_pb_section et_section_regular\" style='background-color:#def5fe;'>\r\n\t\t\t\r\n\t\t\t\r\n\t\t\t\t\r\n\t\t\t\t<div class=\"et_pb_row\">\r\n\t\t\t<div class=\"et_pb_column et_pb_column_1_2\">\r\n\t\t\t<div class=\"et_pb_text et_pb_bg_layout_light et_pb_text_align_left\">\r\n\t\t\t\n<p><strong>1944<\/strong> &#8211; Abas Arslanagic ro\u0111en u Derventi<\/p>\n<p><strong>1962<\/strong> &#8211; Postao \u010dlan RK Partizan, Beograd<\/p>\n<p><strong>1963<\/strong> \u2013 Postao \u010dlan RK Borac, Banja Luka<\/p>\n<p><strong>1969<\/strong> \u2013 Prvi put osvaja kup Jugoslavije s RK Borcem<\/p>\n<p><strong>1969<\/strong> &#8211; Prvi nastup za reprezentaciju Jugoslavije<\/p>\n<p><strong>1970<\/strong> &#8211; Bronca SP u Parizu<\/p>\n<p><strong>1972<\/strong> \u2013 Zlato OI u Munich<\/p>\n<p><strong>1973<\/strong> &#8211; Prvi put prvak Jugoslavije sa RK Borcem<\/p>\n<p><strong>1974<\/strong> &#8211; Bronca SP u Berlinu<\/p>\n<p><strong>1975<\/strong> &#8211; Zlato MI u Al\u017eiru<\/p>\n<p><strong>1976<\/strong> &#8211; Osvojena titula prvaka Europe \u00a0sa RK Borcem<\/p>\n<p><strong>1977<\/strong> &#8211; Oti\u0161ao u igra\u010dku mirovinu<\/p>\n<p><strong>1979<\/strong> \u2013 Izdao prvu knjigu \u201eNa rukometnom golu\u201c<\/p>\n<p><strong>1981<\/strong> &#8211; 1 mjesto SP u Portu, Portugal &#8211; trener juniorske reprezentacije biv\u0161e dr\u017eave<\/p>\n<p><strong>1982<\/strong> &#8211; 2 mjesto SP u Dortmundu, Njema\u010dka- trener vratara seniorske reprezentacije<\/p>\n<p><strong>1984<\/strong> \u2013 Predava\u010d na trenerskom seminaru u Parizu, Francuska<\/p>\n<p><strong>1986<\/strong> &#8211; 1 mjesto SP u Zurichu, \u0160vicarska- trener \u00a0reprezentacije Jugoslavije<\/p>\n<p><strong>1987<\/strong> \u2013 Predava\u010d na trenerskom seminaru u Strasbourgu, Francuska<\/p>\n<p><strong>1987<\/strong> \u2013 Predava\u010d na trenerskom seminaru u Ankari, Turska<\/p>\n\r\n\t\t<\/div> <!-- .et_pb_text -->\r\n\t\t<\/div> <!-- .et_pb_column --><div class=\"et_pb_column et_pb_column_1_2\">\r\n\t\t\t<div class=\"et_pb_text et_pb_bg_layout_light et_pb_text_align_left\">\r\n\t\t\t\n<p><strong>1988<\/strong> \u2013 3 mjesto OI u Seoulu, Sjeverna Korea \u2013 izbornik reprezentacije Jugoslavije<\/p>\n<p><strong>1988<\/strong> \u2013 Predava\u010d na trenerskom seminaru u \u00a0Aarhusu, Danska<\/p>\n<p><strong>1988<\/strong> \u2013 Postao izbornik seniorske reprezentacije Katara<\/p>\n<p><strong>1989<\/strong> \u2013 Predava\u010d na trenerskom seminaru u Setubalu, Portugal<\/p>\n<p><strong>1991<\/strong> \u2013 4 mjesto Azijsko Prvenstvo u Hiroshimi, Japan \u2013 izbornik reprezentacije Katara<\/p>\n<p><strong>1992<\/strong> \u2013 Predava\u010d na trenerskom seminaru u Dubaiu<\/p>\n<p><strong>1994<\/strong> &#8211; Nadzornik IHF-a (me\u0111unarodnog rukometnog saveza) u \u0161koli rukometa u Izoli, Slovenia<\/p>\n<p><strong>1996<\/strong> &#8211; 5 mjesto EP Sevilla, \u0160panjolska \u2013 izbornik reprezentacije Hrvatske<\/p>\n<p><strong>1997<\/strong> &#8211; Izdao drugu knjigu \u201eRukomet- Priru\u010dnik za trenere, golmane i igra\u010de\u201c<\/p>\n<p><strong>2000<\/strong> \u2013 Predava\u010d na trenerskom seminaru u Ateni, Gr\u010dka<\/p>\n<p><strong>2001<\/strong> \u2013 Predava\u010d na trenerskom seminaru u Omanu<\/p>\n<p><strong>2003<\/strong> \u2013 Postao izbornik reprezentacije Bosne i Hercegovine<\/p>\n<p><strong>2006 &amp; 2006<\/strong> \u2013 Predava\u010d na Hrvatskoj Olimpijskoj Akademiji u Puli<\/p>\n<p><strong>2008 &amp; 2009<\/strong> \u2013 Predava\u010d na trenerskom seminaru u \u00a0Kataru<\/p>\n<p><strong>2009<\/strong> \u2013 Trener vratara svih dobnih kategorija u Kataru<\/p>\n<p><strong>2010<\/strong> &#8211; Predava\u010d na Hrvatskoj Olimpijskoj Akademiji u Osijeku<\/p>\n<p><strong>2013<\/strong> \u2013 Izdao svoju tre\u0107u knjigu \u201eRukometni Golman \u2013 Najva\u017enija karika uspjeha\u201c<\/p>\n<p><strong>2013<\/strong> \u2013 Oti\u0161ao u trenersku mirovinu<\/p>\n\r\n\t\t<\/div> <!-- .et_pb_text -->\r\n\t\t<\/div> <!-- .et_pb_column -->\r\n\t\t<\/div> <!-- .et_pb_row -->\r\n\t\t\t\r\n\t\t<\/div> <!-- .et_pb_section --><\/p>\n","protected":false},"excerpt":{"rendered":"","protected":false},"author":20,"featured_media":0,"parent":0,"menu_order":0,"comment_status":"open","ping_status":"open","template":"","meta":[],"yoast_head":"<!-- This site is optimized with the Yoast SEO plugin v15.7 - https:\/\/yoast.com\/wordpress\/plugins\/seo\/ -->\n<meta name=\"robots\" content=\"index, follow, max-snippet:-1, max-image-preview:large, max-video-preview:-1\" \/>\n<link rel=\"canonical\" href=\"https:\/\/arslanagic.com\/hr\/o-autoru\/\" \/>\n<meta property=\"og:locale\" content=\"en_US\" \/>\n<meta property=\"og:type\" content=\"article\" \/>\n<meta property=\"og:title\" content=\"O autoru - Abas Arslanagi\u0107\" \/>\n<meta property=\"og:url\" content=\"https:\/\/arslanagic.com\/hr\/o-autoru\/\" \/>\n<meta property=\"og:site_name\" content=\"Abas Arslanagi\u0107\" \/>\n<meta property=\"article:modified_time\" content=\"2015-05-07T12:53:00+00:00\" \/>\n<meta name=\"twitter:card\" content=\"summary\" \/>\n<meta name=\"twitter:label1\" content=\"Est. reading time\">\n\t<meta name=\"twitter:data1\" content=\"7 minutes\">\n<script type=\"application\/ld+json\" class=\"yoast-schema-graph\">{\"@context\":\"https:\/\/schema.org\",\"@graph\":[{\"@type\":\"WebSite\",\"@id\":\"https:\/\/arslanagic.com\/hr\/#website\",\"url\":\"https:\/\/arslanagic.com\/hr\/\",\"name\":\"Abas Arslanagi\\u0107\",\"description\":\"Just another WordPress site\",\"potentialAction\":[{\"@type\":\"SearchAction\",\"target\":\"https:\/\/arslanagic.com\/hr\/?s={search_term_string}\",\"query-input\":\"required name=search_term_string\"}],\"inLanguage\":\"en-US\"},{\"@type\":\"WebPage\",\"@id\":\"https:\/\/arslanagic.com\/hr\/o-autoru\/#webpage\",\"url\":\"https:\/\/arslanagic.com\/hr\/o-autoru\/\",\"name\":\"O autoru - Abas Arslanagi\\u0107\",\"isPartOf\":{\"@id\":\"https:\/\/arslanagic.com\/hr\/#website\"},\"datePublished\":\"2015-04-28T20:52:43+00:00\",\"dateModified\":\"2015-05-07T12:53:00+00:00\",\"inLanguage\":\"en-US\",\"potentialAction\":[{\"@type\":\"ReadAction\",\"target\":[\"https:\/\/arslanagic.com\/hr\/o-autoru\/\"]}]}]}<\/script>\n<!-- \/ Yoast SEO plugin. -->","_links":{"self":[{"href":"https:\/\/arslanagic.com\/hr\/wp-json\/wp\/v2\/pages\/3912"}],"collection":[{"href":"https:\/\/arslanagic.com\/hr\/wp-json\/wp\/v2\/pages"}],"about":[{"href":"https:\/\/arslanagic.com\/hr\/wp-json\/wp\/v2\/types\/page"}],"author":[{"embeddable":true,"href":"https:\/\/arslanagic.com\/hr\/wp-json\/wp\/v2\/users\/20"}],"replies":[{"embeddable":true,"href":"https:\/\/arslanagic.com\/hr\/wp-json\/wp\/v2\/comments?post=3912"}],"version-history":[{"count":6,"href":"https:\/\/arslanagic.com\/hr\/wp-json\/wp\/v2\/pages\/3912\/revisions"}],"predecessor-version":[{"id":4006,"href":"https:\/\/arslanagic.com\/hr\/wp-json\/wp\/v2\/pages\/3912\/revisions\/4006"}],"wp:attachment":[{"href":"https:\/\/arslanagic.com\/hr\/wp-json\/wp\/v2\/media?parent=3912"}],"curies":[{"name":"wp","href":"https:\/\/api.w.org\/{rel}","templated":true}]}}